{"id":372,"date":"2020-12-13T16:54:38","date_gmt":"2020-12-13T16:54:38","guid":{"rendered":"https:\/\/santperedeclara.cat\/?page_id=372"},"modified":"2020-12-13T19:00:08","modified_gmt":"2020-12-13T19:00:08","slug":"jardines-masia-boda-maresme","status":"publish","type":"page","link":"https:\/\/santperedeclara.cat\/es\/jardines-masia-boda-maresme\/","title":{"rendered":"El Encinar"},"content":{"rendered":"<section class=\"l-section wpb_row height_auto width_full\" id=\"hdInner\"><div class=\"l-section-h i-cf\"><div class=\"g-cols vc_row type_default valign_middle\"><div class=\"vc_col-sm-8 wpb_column vc_column_container\"><div class=\"vc_column-inner\"><div class=\"wpb_wrapper\"><div class=\"w-slider style_none fit_scaledown\"><div class=\"w-slider-h\"><div class=\"royalSlider\"><div class=\"rsContent\"><a class=\"rsImg\" data-rsw=\"800\" data-rsh=\"533\" href=\"https:\/\/santperedeclara.cat\/wp-content\/uploads\/2020\/12\/Masia_Casament_Alzinar_21.jpg\"><span data-alt=\"\"><\/span><\/a><\/div><div class=\"rsContent\"><a class=\"rsImg\" data-rsw=\"800\" data-rsh=\"533\" href=\"https:\/\/santperedeclara.cat\/wp-content\/uploads\/2020\/12\/Masia_Casament_Maresme_Alzi.jpg\"><span data-alt=\"\"><\/span><\/a><\/div><div class=\"rsContent\"><a class=\"rsImg\" data-rsw=\"800\" data-rsh=\"533\" href=\"https:\/\/santperedeclara.cat\/wp-content\/uploads\/2020\/12\/115web.jpg\"><span data-alt=\"\"><\/span><\/a><\/div><div class=\"rsContent\"><a class=\"rsImg\" data-rsw=\"800\" data-rsh=\"533\" href=\"https:\/\/santperedeclara.cat\/wp-content\/uploads\/2020\/12\/alzinar5.jpg\"><span data-alt=\"\"><\/span><\/a><\/div><div class=\"rsContent\"><a class=\"rsImg\" data-rsw=\"800\" data-rsh=\"532\" href=\"https:\/\/santperedeclara.cat\/wp-content\/uploads\/2020\/12\/alzinar6.jpg\"><span data-alt=\"\"><\/span><\/a><\/div><div class=\"rsContent\"><a class=\"rsImg\" data-rsw=\"800\" data-rsh=\"600\" href=\"https:\/\/santperedeclara.cat\/wp-content\/uploads\/2020\/12\/alzinar_3.jpg\"><span data-alt=\"\"><\/span><\/a><\/div><div class=\"rsContent\"><a class=\"rsImg\" data-rsw=\"800\" data-rsh=\"600\" href=\"https:\/\/santperedeclara.cat\/wp-content\/uploads\/2020\/12\/alzinar_5.jpg\"><span data-alt=\"\"><\/span><\/a><\/div><div class=\"rsContent\"><a class=\"rsImg\" data-rsw=\"800\" data-rsh=\"533\" href=\"https:\/\/santperedeclara.cat\/wp-content\/uploads\/2020\/12\/alzinar_6.jpg\"><span data-alt=\"\"><\/span><\/a><\/div><div class=\"rsContent\"><a class=\"rsImg\" data-rsw=\"800\" data-rsh=\"600\" href=\"https:\/\/santperedeclara.cat\/wp-content\/uploads\/2020\/12\/alzinar_7.jpg\"><span data-alt=\"\"><\/span><\/a><\/div><div class=\"rsContent\"><a class=\"rsImg\" data-rsw=\"800\" data-rsh=\"600\" href=\"https:\/\/santperedeclara.cat\/wp-content\/uploads\/2020\/12\/alzinar_1.jpg\"><span data-alt=\"\"><\/span><\/a><\/div><div class=\"rsContent\"><a class=\"rsImg\" data-rsw=\"800\" data-rsh=\"600\" href=\"https:\/\/santperedeclara.cat\/wp-content\/uploads\/2020\/12\/alzinar_2.jpg\"><span data-alt=\"\"><\/span><\/a><\/div><\/div><img src=\"https:\/\/santperedeclara.cat\/wp-content\/uploads\/2020\/12\/Masia_Casament_Alzinar_21.jpg\" width=\"800\" height=\"533\" alt><\/div><div class=\"w-slider-json\" onclick='return {&quot;loop&quot;:true,&quot;fadeInLoadedSlide&quot;:false,&quot;slidesSpacing&quot;:0,&quot;imageScalePadding&quot;:0,&quot;numImagesToPreload&quot;:2,&quot;arrowsNav&quot;:true,&quot;arrowsNavAutoHide&quot;:true,&quot;transitionType&quot;:&quot;move&quot;,&quot;transitionSpeed&quot;:300,&quot;block&quot;:{&quot;moveEffect&quot;:&quot;none&quot;,&quot;speed&quot;:300},&quot;controlNavigation&quot;:&quot;bullets&quot;,&quot;autoplay&quot;:{&quot;enabled&quot;:true,&quot;pauseOnHover&quot;:true,&quot;delay&quot;:4000},&quot;imageScaleMode&quot;:&quot;fit-if-smaller&quot;,&quot;autoScaleSlider&quot;:true,&quot;autoScaleSliderWidth&quot;:800,&quot;autoScaleSliderHeight&quot;:533,&quot;fitInViewport&quot;:false}'><\/div><\/div><\/div><\/div><\/div><div class=\"vc_col-sm-4 wpb_column vc_column_container\"><div class=\"vc_column-inner\"><div class=\"wpb_wrapper\"><div class=\"wpb_text_column\" ><div class=\"wpb_wrapper\"><h3>A LA SOMBRA DE LAS ENCINAS<\/h3>\n<\/div><\/div><div class=\"wpb_text_column\" ><div class=\"wpb_wrapper\"><h1>EL ENCINAR<\/h1>\n<\/div><\/div><div class=\"wpb_text_column txtMd bgMd\" ><div class=\"wpb_wrapper\"><p>El encinar es uno de los espacios m\u00e1s buc\u00f3licos de la finca de Sant Pere de Clar\u00e0. Es un prado natural, sin desniveles y rodeado de un bosque de encinas, \u00a0justo debajo de la era de la mas\u00eda ofreciendo as\u00ed una vista privilegiada de la fachada se\u00f1orial del edficio y situado a pocos metros de la capilla rom\u00e1nica.<\/p>\n<p>Esta zona tiene una capacidad de 250 invitados, queda a la sombra del sol en verano y es pues un sitio excelente para los aperitivos. Tambi\u00e9n es un espacio perfecto para a celebrar ceremonias y bodas civiles o para organizar banquetes de estilo mediterr\u00e1neo, al aire libre.<\/p>\n<\/div><\/div><\/div><\/div><\/div><\/div><\/div><\/section><!-- Row Backgrounds --><div class=\"upb_color\" data-bg-override=\"0\" data-bg-color=\"#d9d9d9\" data-fadeout=\"\" data-fadeout-percentage=\"30\" data-parallax-content=\"\" data-parallax-content-sense=\"30\" data-row-effect-mobile-disable=\"true\" data-img-parallax-mobile-disable=\"true\" data-rtl=\"false\"  data-custom-vc-row=\"\"  data-vc=\"6.4.2\"  data-is_old_vc=\"\"  data-theme-support=\"\"   data-overlay=\"false\" data-overlay-color=\"\" data-overlay-pattern=\"\" data-overlay-pattern-opacity=\"\" data-overlay-pattern-size=\"\"    ><\/div><section class=\"l-section wpb_row height_medium\" id=\"txtMd\"><div class=\"l-section-h i-cf\"><div class=\"g-cols vc_row type_default valign_top\"><div class=\"vc_col-sm-12 wpb_column vc_column_container\"><div class=\"vc_column-inner\"><div class=\"wpb_wrapper\"><div class=\"wpb_text_column txtMd bgMd\" ><div class=\"wpb_wrapper\"><p class=\"vc_custom_heading\" style=\"text-align: center;\">El espacio, las instalaciones y el equipo de Sant Pere de Clar\u00e0, con una experiencia consolidada desde hace a\u00f1os, son la mejor garant\u00eda para realizar con \u00e9xito vuestra boda, reuni\u00f3n o celebraci\u00f3n. No dud\u00e9is en consultarnos cualquier duda, estaremos encantados de responderos.<\/p>\n<\/div><\/div><div class=\"w-btn-wrapper width_auto align_center\"><a class=\"w-btn us-btn-style_1 btnMd\" title=\"Contacto\" href=\"https:\/\/santperedeclara.cat\/es\/contacto\/\"><span class=\"w-btn-label\">CONTACTAR<\/span><\/a><\/div><\/div><\/div><\/div><\/div><\/div><\/section><section class=\"l-section wpb_row height_auto width_full\" id=\"bnrMd\"><div class=\"l-section-h i-cf\"><div class=\"g-cols vc_row type_default valign_top\"><div class=\"vc_col-sm-3 wpb_column vc_column_container\"><div class=\"vc_column-inner\"><div class=\"wpb_wrapper\"><div class=\"ult-new-ib ult-ib-effect-style6  ult-ib-resp  \" data-min-width=\"768\" data-max-width=\"900\" style=\"\" data-opacity=\"1\" data-hover-opacity=\"1\" ><img class=\"ult-new-ib-img\" style=\"opacity:1;\" alt=\"null\" src=\"https:\/\/santperedeclara.cat\/wp-content\/uploads\/2020\/12\/Box_La_Masia.jpg\"   \/><div id=\"interactive-banner-wrap-8096\" class=\"ult-new-ib-desc\" style=\"\"><h6 class=\"ult-new-ib-title ult-responsive\"  data-ultimate-target='#interactive-banner-wrap-8096 .ult-new-ib-title'  data-responsive-json-new='{\"font-size\":\"\",\"line-height\":\"\"}'  style=\"font-weight:normal;\">LA MAS\u00cdA<\/h6><\/div><a class=\"ult-new-ib-link\" href=\"https:\/\/santperedeclara.cat\/es\/masia-boda-maresme\/\" title=\"La masia\"  ><\/a><\/div><script type=\"text\/javascript\">\n\t\t\t(function($){\n\t\t\t\t$(document).ready(function(){\n\t\t\t\t\t$(\".ult-new-ib\").css(\"opacity\",\"1\");\n\t\t\t\t});\n\t\t\t})(jQuery);\n\t\t\t<\/script><\/div><\/div><\/div><div class=\"vc_col-sm-3 wpb_column vc_column_container\"><div class=\"vc_column-inner\"><div class=\"wpb_wrapper\"><div class=\"ult-new-ib ult-ib-effect-style6  ult-ib-resp  \" data-min-width=\"768\" data-max-width=\"900\" style=\"\" data-opacity=\"1\" data-hover-opacity=\"1\" ><img class=\"ult-new-ib-img\" style=\"opacity:1;\" alt=\"null\" src=\"https:\/\/santperedeclara.cat\/wp-content\/uploads\/2020\/12\/Casament_Disco_Maresme1.jpg\"   \/><div id=\"interactive-banner-wrap-1991\" class=\"ult-new-ib-desc\" style=\"\"><h6 class=\"ult-new-ib-title ult-responsive\"  data-ultimate-target='#interactive-banner-wrap-1991 .ult-new-ib-title'  data-responsive-json-new='{\"font-size\":\"\",\"line-height\":\"\"}'  style=\"font-weight:normal;\">SALA POLIVALENTE \u2013 DISCO<\/h6><\/div><a class=\"ult-new-ib-link\" href=\"https:\/\/santperedeclara.cat\/es\/sala-polivalente-disco\/\" title=\"Sala Polivalente \u2013 Disco\"  ><\/a><\/div><script type=\"text\/javascript\">\n\t\t\t(function($){\n\t\t\t\t$(document).ready(function(){\n\t\t\t\t\t$(\".ult-new-ib\").css(\"opacity\",\"1\");\n\t\t\t\t});\n\t\t\t})(jQuery);\n\t\t\t<\/script><\/div><\/div><\/div><div class=\"vc_col-sm-3 wpb_column vc_column_container\"><div class=\"vc_column-inner\"><div class=\"wpb_wrapper\"><div class=\"ult-new-ib ult-ib-effect-style6  ult-ib-resp  \" data-min-width=\"768\" data-max-width=\"900\" style=\"\" data-opacity=\"1\" data-hover-opacity=\"1\" ><img class=\"ult-new-ib-img\" style=\"opacity:1;\" alt=\"null\" src=\"https:\/\/santperedeclara.cat\/wp-content\/uploads\/2020\/12\/Espais_La_Carpa.jpg\"   \/><div id=\"interactive-banner-wrap-8642\" class=\"ult-new-ib-desc\" style=\"\"><h6 class=\"ult-new-ib-title ult-responsive\"  data-ultimate-target='#interactive-banner-wrap-8642 .ult-new-ib-title'  data-responsive-json-new='{\"font-size\":\"\",\"line-height\":\"\"}'  style=\"font-weight:normal;\">LA CARPA<\/h6><\/div><a class=\"ult-new-ib-link\" href=\"https:\/\/santperedeclara.cat\/es\/carpa-masia-boda-maresme\/\" title=\"La Carpa\"  ><\/a><\/div><script type=\"text\/javascript\">\n\t\t\t(function($){\n\t\t\t\t$(document).ready(function(){\n\t\t\t\t\t$(\".ult-new-ib\").css(\"opacity\",\"1\");\n\t\t\t\t});\n\t\t\t})(jQuery);\n\t\t\t<\/script><\/div><\/div><\/div><div class=\"vc_col-sm-3 wpb_column vc_column_container\"><div class=\"vc_column-inner\"><div class=\"wpb_wrapper\"><div class=\"ult-new-ib ult-ib-effect-style6  ult-ib-resp  \" data-min-width=\"768\" data-max-width=\"900\" style=\"\" data-opacity=\"1\" data-hover-opacity=\"1\" ><img class=\"ult-new-ib-img\" style=\"opacity:1;\" alt=\"null\" src=\"https:\/\/santperedeclara.cat\/wp-content\/uploads\/2020\/12\/home.jpg\"   \/><div id=\"interactive-banner-wrap-4730\" class=\"ult-new-ib-desc\" style=\"\"><h6 class=\"ult-new-ib-title ult-responsive\"  data-ultimate-target='#interactive-banner-wrap-4730 .ult-new-ib-title'  data-responsive-json-new='{\"font-size\":\"\",\"line-height\":\"\"}'  style=\"font-weight:normal;\">LA CAPILLA<\/h6><\/div><a class=\"ult-new-ib-link\" href=\"https:\/\/santperedeclara.cat\/es\/capilla-romanica-masia-bodas-maresme\/\" title=\"La Capilla\"  ><\/a><\/div><script type=\"text\/javascript\">\n\t\t\t(function($){\n\t\t\t\t$(document).ready(function(){\n\t\t\t\t\t$(\".ult-new-ib\").css(\"opacity\",\"1\");\n\t\t\t\t});\n\t\t\t})(jQuery);\n\t\t\t<\/script><\/div><\/div><\/div><\/div><\/div><\/section><section class=\"l-section wpb_row height_medium\" id=\"testiMd\"><div class=\"l-section-h i-cf\"><div class=\"g-cols vc_row type_default valign_top\"><div class=\"vc_col-sm-12 wpb_column vc_column_container\"><div class=\"vc_column-inner\"><div class=\"wpb_wrapper\"><div class=\"wpb_text_column\" ><div class=\"wpb_wrapper\"><h2 style=\"text-align: center;\">TESTIMONIALES<\/h2>\n<\/div><\/div><div class=\"w-grid type_carousel layout_82 valign_center\" id=\"us_grid_1\" data-grid-filter=\"false\"><style id=\"us_grid_1_css\">#us_grid_1 .owl-nav div{font-size:1.8rem}<\/style><style>.layout_82 .w-grid-item-h{}<\/style><div class=\"w-grid-list owl-carousel navstyle_circle navpos_inside\" ><article class=\"w-grid-item post-303 us_testimonial type-us_testimonial status-publish hentry us_testimonial_category-opiniones-casamiento-masia-marisma\" data-id=\"303\">\n\t<div class=\"w-grid-item-h\">\n\t\t\t\t<div class=\"w-post-elm post_content usg_post_content_1\"><p>Sant Pere de Clar\u00e0 es un sitio m\u00e1gico que convertir\u00e1 tu boda en el mejor d\u00eda de la tu vida, sin olvidar la formidable atenci\u00f3n de Pilar, \u00c0lex, Vidiella Flors, Abanik y Joan de Sauleda!<\/p>\n<\/div><h6 class=\"w-post-elm post_title usg_post_title_1 align_center entry-title\">Vilches Ariaz<\/h6>\t<\/div>\n<\/article>\n<article class=\"w-grid-item post-304 us_testimonial type-us_testimonial status-publish hentry us_testimonial_category-opiniones-casamiento-masia-marisma\" data-id=\"304\">\n\t<div class=\"w-grid-item-h\">\n\t\t\t\t<div class=\"w-post-elm post_content usg_post_content_1\"><p>Todo excelente. Buena calidad y trato personal muy bueno. En general un casamiento perfecto. El lugar muy bonito y en medio de la natura, pero a la vez bien conectado. Lo recomiendo al 100%.<\/p>\n<\/div><h6 class=\"w-post-elm post_title usg_post_title_1 align_center entry-title\">Raquel Muniesa<\/h6>\t<\/div>\n<\/article>\n<article class=\"w-grid-item post-305 us_testimonial type-us_testimonial status-publish hentry us_testimonial_category-opiniones-casamiento-masia-marisma\" data-id=\"305\">\n\t<div class=\"w-grid-item-h\">\n\t\t\t\t<div class=\"w-post-elm post_content usg_post_content_1\"><p>El entorno en medio de la natura, la mas\u00eda, la ermita y los rincones de la mas\u00eda de Sant Pere de Clar\u00e0 creen una atm\u00f3sfera m\u00e1gica, \u00edntima y acogedora, que el fan un lugar muy especial para casarse!<\/p>\n<\/div><h6 class=\"w-post-elm post_title usg_post_title_1 align_center entry-title\">Anna Vilaseca<\/h6>\t<\/div>\n<\/article>\n<article class=\"w-grid-item post-306 us_testimonial type-us_testimonial status-publish hentry us_testimonial_category-opiniones-casamiento-masia-marisma\" data-id=\"306\">\n\t<div class=\"w-grid-item-h\">\n\t\t\t\t<div class=\"w-post-elm post_content usg_post_content_1\"><p>Nos casamos\u00a0en Sant Pere de Clar\u00e0, y fu\u00e9 el mejor d\u00eda de nuestra vida. Un lugar m\u00e1gico, una ermita espectacular donde hicimos una celebraci\u00f3n muy emotiva. Queremos agradecer a todo el equipo de Sant Pere de Clar\u00e0 el magn\u00edfico trabajo y toda la ayuda que nos ha prestado.<\/p>\n<\/div><h6 class=\"w-post-elm post_title usg_post_title_1 align_center entry-title\">David Ares<\/h6>\t<\/div>\n<\/article>\n<article class=\"w-grid-item post-307 us_testimonial type-us_testimonial status-publish hentry us_testimonial_category-opiniones-casamiento-masia-marisma\" data-id=\"307\">\n\t<div class=\"w-grid-item-h\">\n\t\t\t\t<div class=\"w-post-elm post_content usg_post_content_1\"><p>Nos casamos a San Pedro de Clar\u00e0 y fue espectacular. Busc\u00e1bamos una mas\u00eda con espacios exteriores para hacer la ceremonia y el aperitivo al aire libre, y la encontramos. Adem\u00e1s dispone de una carpa donde hicimos el banquete. Todo va quedar muy bonito y c\u00f3modo. Fue uno de los d\u00edas m\u00e1s bonitos de nuestras vidas y gran parte fue por la excelente elecci\u00f3n de la finca.<\/p>\n<\/div><h6 class=\"w-post-elm post_title usg_post_title_1 align_center entry-title\">Natalia Floriach<\/h6>\t<\/div>\n<\/article>\n<article class=\"w-grid-item post-308 us_testimonial type-us_testimonial status-publish hentry us_testimonial_category-opiniones-casamiento-masia-marisma\" data-id=\"308\">\n\t<div class=\"w-grid-item-h\">\n\t\t\t\t<div class=\"w-post-elm post_content usg_post_content_1\"><p>Mi mujer y yo nos casamos en Sant Pere de Clar\u00e0 y sinceramente&#8230;. es el mejor sitio que pod\u00edamos haber elegido, no s\u00f3lo por sus servicios (ermita rom\u00e1nica consagrada, lugar buc\u00f3lico en medio del bosque, etc&#8230;) sino tambi\u00e9n \u00a0por el equipo de Sant Pere de Clar\u00e0. Much\u00edsimas gracias Pilar por todo lo que has hecho por nosotros.<\/p>\n<\/div><h6 class=\"w-post-elm post_title usg_post_title_1 align_center entry-title\">Hector Labarta Brustenga<\/h6>\t<\/div>\n<\/article>\n<article class=\"w-grid-item post-309 us_testimonial type-us_testimonial status-publish hentry us_testimonial_category-opiniones-casamiento-masia-marisma\" data-id=\"309\">\n\t<div class=\"w-grid-item-h\">\n\t\t\t\t<div class=\"w-post-elm post_content usg_post_content_1\"><p>La casa se encuentra en un entorno precioso. La imagen de la boda en este espacio nos ayud\u00f3 a decidir. Adem\u00e1s nos encontramos con una magn\u00edfica respuesta por parte de los propietarios. En todo momento nos ofrecieron facilidades para que pudi\u00e9ramos organizar la boda all\u00ed.<\/p>\n<\/div><h6 class=\"w-post-elm post_title usg_post_title_1 align_center entry-title\">Clara S\u00e1nchez Olcina<\/h6>\t<\/div>\n<\/article>\n<article class=\"w-grid-item post-310 us_testimonial type-us_testimonial status-publish hentry us_testimonial_category-opiniones-casamiento-masia-marisma\" data-id=\"310\">\n\t<div class=\"w-grid-item-h\">\n\t\t\t\t<div class=\"w-post-elm post_content usg_post_content_1\"><p>Mas\u00eda con espacios bien diferenciados. Posibilidad de celebrar toda la fiesta (ceremonia, aperitivo y cena) al aire libre. Relaci\u00f3n calidad precio espectacular y la gente que lleva el negocio es muy atenta, siempre disponible y muy flexible.<\/p>\n<\/div><h6 class=\"w-post-elm post_title usg_post_title_1 align_center entry-title\">Guillem Pares Florit<\/h6>\t<\/div>\n<\/article>\n<article class=\"w-grid-item post-311 us_testimonial type-us_testimonial status-publish hentry us_testimonial_category-opiniones-casamiento-masia-marisma\" data-id=\"311\">\n\t<div class=\"w-grid-item-h\">\n\t\t\t\t<div class=\"w-post-elm post_content usg_post_content_1\"><p>Lugar perfecto para disfrutar de una boda al aire libre en medio de la naturaleza. Posibilidad de varias opciones para hacer el aperitivo y el convite. Adem\u00e1s posibilidad de boda en la ermita del Siglo IX. Todo espectacular.<\/p>\n<\/div><h6 class=\"w-post-elm post_title usg_post_title_1 align_center entry-title\">Joan Pujol<\/h6>\t<\/div>\n<\/article>\n<\/div><div class=\"g-preloader type_1\">\n\t<div><\/div>\n<\/div>\n\t<div class=\"w-grid-json hidden\" onclick='return {&quot;action&quot;:&quot;us_ajax_grid&quot;,&quot;ajax_url&quot;:&quot;https:\\\/\\\/santperedeclara.cat\\\/wp-admin\\\/admin-ajax.php&quot;,&quot;infinite_scroll&quot;:0,&quot;max_num_pages&quot;:1,&quot;pagination&quot;:&quot;none&quot;,&quot;permalink_url&quot;:&quot;https:\\\/\\\/santperedeclara.cat\\\/es\\\/wp-json\\\/wp\\\/v2\\\/pages\\\/372\\\/&quot;,&quot;template_vars&quot;:{&quot;columns&quot;:&quot;1&quot;,&quot;exclude_items&quot;:&quot;none&quot;,&quot;img_size&quot;:&quot;default&quot;,&quot;ignore_items_size&quot;:false,&quot;items_layout&quot;:&quot;82&quot;,&quot;items_offset&quot;:&quot;1&quot;,&quot;load_animation&quot;:&quot;none&quot;,&quot;overriding_link&quot;:&quot;none&quot;,&quot;post_id&quot;:372,&quot;query_args&quot;:{&quot;post_type&quot;:[&quot;us_testimonial&quot;],&quot;tax_query&quot;:[{&quot;taxonomy&quot;:&quot;us_testimonial_category&quot;,&quot;field&quot;:&quot;slug&quot;,&quot;terms&quot;:[&quot;opinions-casament-masia-maresme&quot;]}],&quot;post_status&quot;:[&quot;publish&quot;,&quot;dp-rewrite-republish&quot;],&quot;orderby&quot;:{&quot;date&quot;:&quot;ASC&quot;},&quot;posts_per_page&quot;:&quot;999&quot;},&quot;type&quot;:&quot;carousel&quot;,&quot;us_grid_ajax_index&quot;:1,&quot;us_grid_filter_params&quot;:null,&quot;us_grid_index&quot;:1,&quot;_us_grid_post_type&quot;:&quot;us_testimonial&quot;,&quot;lang&quot;:&quot;es&quot;},&quot;carousel_settings&quot;:{&quot;autoHeight&quot;:0,&quot;autoplay&quot;:1,&quot;carousel_fade&quot;:0,&quot;center&quot;:0,&quot;dots&quot;:0,&quot;items&quot;:&quot;1&quot;,&quot;loop&quot;:true,&quot;nav&quot;:1,&quot;slideby&quot;:&quot;1&quot;,&quot;smooth_play&quot;:0,&quot;speed&quot;:250,&quot;timeout&quot;:4000,&quot;transition&quot;:&quot;&quot;},&quot;carousel_breakpoints&quot;:{&quot;1200&quot;:{&quot;items&quot;:1},&quot;900&quot;:{&quot;autoHeight&quot;:0,&quot;autoplay&quot;:1,&quot;autoplayHoverPause&quot;:1,&quot;items&quot;:&quot;1&quot;,&quot;loop&quot;:true},&quot;600&quot;:{&quot;autoHeight&quot;:0,&quot;autoplay&quot;:1,&quot;autoplayHoverPause&quot;:1,&quot;items&quot;:&quot;1&quot;,&quot;loop&quot;:true},&quot;0&quot;:{&quot;autoHeight&quot;:0,&quot;autoplay&quot;:1,&quot;autoplayHoverPause&quot;:1,&quot;items&quot;:1,&quot;loop&quot;:true}}}'><\/div>\n<\/div><div class=\"w-image align_center\"><a target=\"_blank\" href=\"https:\/\/www.bodas.net\/fincas\/sant-pere-de-clara--e3281\" rel=\"noopener\" aria-label=\"Enlace\" class=\"w-image-h\"><img width=\"300\" height=\"101\" src=\"https:\/\/santperedeclara.cat\/wp-content\/uploads\/2020\/12\/StarsBodasNet1-300x101-1.png\" class=\"attachment-full size-full\" alt=\"\" loading=\"lazy\" \/><\/a><\/div><div class=\"w-image align_center\"><a target=\"_blank\" href=\"https:\/\/www.facebook.com\/SantPereDeClara\/\" rel=\"noopener\" aria-label=\"Enlace\" class=\"w-image-h\"><img width=\"300\" height=\"97\" src=\"https:\/\/santperedeclara.cat\/wp-content\/uploads\/2020\/12\/StarsFacebookBN-300x97-1.png\" class=\"attachment-full size-full\" alt=\"\" loading=\"lazy\" \/><\/a><\/div><\/div><\/div><\/div><\/div><\/div><\/section>\n","protected":false},"excerpt":{"rendered":"Lugar perfecto para disfrutar de una boda al aire libre en medio de la naturaleza. Posibilidad de varias opciones para hacer el aperitivo y el convite. Adem\u00e1s posibilidad de boda en la ermita del Siglo IX. Todo espectacular.","protected":false},"author":1,"featured_media":0,"parent":0,"menu_order":0,"comment_status":"closed","ping_status":"closed","template":"","meta":[],"yoast_head":"<!-- This site is optimized with the Yoast SEO plugin v16.4 - https:\/\/yoast.com\/wordpress\/plugins\/seo\/ -->\n<title>El Encinar - Sant Pere de Clar\u00e0<\/title>\n<meta name=\"robots\" content=\"index, follow, max-snippet:-1, max-image-preview:large, max-video-preview:-1\" \/>\n<link rel=\"canonical\" href=\"https:\/\/santperedeclara.cat\/es\/jardines-masia-boda-maresme\/\" \/>\n<meta property=\"og:locale\" content=\"es_ES\" \/>\n<meta property=\"og:type\" content=\"article\" \/>\n<meta property=\"og:title\" content=\"El Encinar - Sant Pere de Clar\u00e0\" \/>\n<meta property=\"og:url\" content=\"https:\/\/santperedeclara.cat\/es\/jardines-masia-boda-maresme\/\" \/>\n<meta property=\"og:site_name\" content=\"Sant Pere de Clar\u00e0\" \/>\n<meta property=\"article:modified_time\" content=\"2020-12-13T19:00:08+00:00\" \/>\n<meta name=\"twitter:card\" content=\"summary_large_image\" \/>\n<meta name=\"twitter:label1\" content=\"Tiempo de lectura\" \/>\n\t<meta name=\"twitter:data1\" content=\"3 minutos\" \/>\n<script type=\"application\/ld+json\" class=\"yoast-schema-graph\">{\"@context\":\"https:\/\/schema.org\",\"@graph\":[{\"@type\":\"WebSite\",\"@id\":\"https:\/\/santperedeclara.cat\/#website\",\"url\":\"https:\/\/santperedeclara.cat\/\",\"name\":\"Sant Pere de Clar\\u00e0\",\"description\":\"Masia amb capella per a casaments al maresme\",\"potentialAction\":[{\"@type\":\"SearchAction\",\"target\":\"https:\/\/santperedeclara.cat\/?s={search_term_string}\",\"query-input\":\"required name=search_term_string\"}],\"inLanguage\":\"es\"},{\"@type\":\"WebPage\",\"@id\":\"https:\/\/santperedeclara.cat\/es\/jardines-masia-boda-maresme\/#webpage\",\"url\":\"https:\/\/santperedeclara.cat\/es\/jardines-masia-boda-maresme\/\",\"name\":\"El Encinar - Sant Pere de Clar\\u00e0\",\"isPartOf\":{\"@id\":\"https:\/\/santperedeclara.cat\/#website\"},\"datePublished\":\"2020-12-13T16:54:38+00:00\",\"dateModified\":\"2020-12-13T19:00:08+00:00\",\"breadcrumb\":{\"@id\":\"https:\/\/santperedeclara.cat\/es\/jardines-masia-boda-maresme\/#breadcrumb\"},\"inLanguage\":\"es\",\"potentialAction\":[{\"@type\":\"ReadAction\",\"target\":[\"https:\/\/santperedeclara.cat\/es\/jardines-masia-boda-maresme\/\"]}]},{\"@type\":\"BreadcrumbList\",\"@id\":\"https:\/\/santperedeclara.cat\/es\/jardines-masia-boda-maresme\/#breadcrumb\",\"itemListElement\":[{\"@type\":\"ListItem\",\"position\":1,\"item\":{\"@type\":\"WebPage\",\"@id\":\"https:\/\/santperedeclara.cat\/es\/\",\"url\":\"https:\/\/santperedeclara.cat\/es\/\",\"name\":\"Inici\"}},{\"@type\":\"ListItem\",\"position\":2,\"item\":{\"@id\":\"https:\/\/santperedeclara.cat\/es\/jardines-masia-boda-maresme\/#webpage\"}}]}]}<\/script>\n<!-- \/ Yoast SEO plugin. -->","_links":{"self":[{"href":"https:\/\/santperedeclara.cat\/es\/wp-json\/wp\/v2\/pages\/372"}],"collection":[{"href":"https:\/\/santperedeclara.cat\/es\/wp-json\/wp\/v2\/pages"}],"about":[{"href":"https:\/\/santperedeclara.cat\/es\/wp-json\/wp\/v2\/types\/page"}],"author":[{"embeddable":true,"href":"https:\/\/santperedeclara.cat\/es\/wp-json\/wp\/v2\/users\/1"}],"replies":[{"embeddable":true,"href":"https:\/\/santperedeclara.cat\/es\/wp-json\/wp\/v2\/comments?post=372"}],"version-history":[{"count":4,"href":"https:\/\/santperedeclara.cat\/es\/wp-json\/wp\/v2\/pages\/372\/revisions"}],"predecessor-version":[{"id":4354,"href":"https:\/\/santperedeclara.cat\/es\/wp-json\/wp\/v2\/pages\/372\/revisions\/4354"}],"wp:attachment":[{"href":"https:\/\/santperedeclara.cat\/es\/wp-json\/wp\/v2\/media?parent=372"}],"curies":[{"name":"wp","href":"https:\/\/api.w.org\/{rel}","templated":true}]}}