{"id":343,"date":"2020-12-13T16:41:15","date_gmt":"2020-12-13T16:41:15","guid":{"rendered":"https:\/\/santperedeclara.cat\/?page_id=343"},"modified":"2020-12-13T16:41:17","modified_gmt":"2020-12-13T16:41:17","slug":"historia-capilla-masia-sant-pere-de-clara","status":"publish","type":"page","link":"https:\/\/santperedeclara.cat\/es\/historia-capilla-masia-sant-pere-de-clara\/","title":{"rendered":"Historia"},"content":{"rendered":"<section class=\"l-section wpb_row height_medium\" id=\"introTxt\"><div class=\"l-section-h i-cf\"><div class=\"g-cols vc_row type_default valign_top\"><div class=\"vc_col-sm-12 wpb_column vc_column_container\"><div class=\"vc_column-inner\"><div class=\"wpb_wrapper\"><div class=\"wpb_text_column\" ><div class=\"wpb_wrapper\"><h1 class=\"vc_custom_heading\" style=\"text-align: center;\">LA MILENARIA HISTORIA DE SANT PERE DE CLAR\u00c0<\/h1>\n<\/div><\/div><\/div><\/div><\/div><\/div><\/div><\/section><section class=\"l-section wpb_row height_auto hstMd\"><div class=\"l-section-h i-cf\"><div class=\"g-cols vc_row type_default valign_middle\"><div class=\"vc_col-sm-4 wpb_column vc_column_container\"><div class=\"vc_column-inner\"><div class=\"wpb_wrapper\"><div class=\"w-image align_none\"><div class=\"w-image-h\"><img width=\"800\" height=\"850\" src=\"https:\/\/santperedeclara.cat\/wp-content\/uploads\/2020\/12\/Capella_Cenobi.jpg\" class=\"attachment-full size-full\" alt=\"\" loading=\"lazy\" srcset=\"https:\/\/santperedeclara.cat\/wp-content\/uploads\/2020\/12\/Capella_Cenobi.jpg 800w, https:\/\/santperedeclara.cat\/wp-content\/uploads\/2020\/12\/Capella_Cenobi-282x300.jpg 282w\" sizes=\"(max-width: 800px) 100vw, 800px\" \/><\/div><\/div><\/div><\/div><\/div><div class=\"vc_col-sm-8 wpb_column vc_column_container\"><div class=\"vc_column-inner\"><div class=\"wpb_wrapper\"><div class=\"wpb_text_column\" ><div class=\"wpb_wrapper\"><h3 style=\"text-align: left;\">UN ANTIGUO CENOBIO BENEDICTINO<\/h3>\n<\/div><\/div><div class=\"wpb_text_column\" ><div class=\"wpb_wrapper\"><h2 style=\"text-align: left;\">LOS OR\u00cdGENES DE LA CAPILLA<\/h2>\n<\/div><\/div><div class=\"w-separator size_small with_line width_30 thick_1 style_solid color_primary align_center\"><div class=\"w-separator-h\"><\/div><\/div><div class=\"wpb_text_column txtMd\" ><div class=\"wpb_wrapper\"><p style=\"text-align: left;\">La capilla de Sant Pere de Clar\u00e0 marca los inicios de esta antigua finca. Los expertos defienden que podr\u00eda existir desde el siglo IX o X, aunque la documentaci\u00f3n m\u00e1s antigua que se ha encontrado es del a\u00f1o 1002 cuando la iglesia formaba parte de un priorato que depend\u00eda de los Monjes Benedictinos de Sant Cugat del Vall\u00e8s.\u00a0A partir del 1196 pas\u00f3, junto con Sant Pon\u00e7 de Corbera, a depender de Sant Pere de Casserres. Estos tres cenobios eran los \u00fanicos en nuestro pa\u00eds del Ordren del Cluny tan extendido en Francia.\u00a0En el siglo XV el priorato se convirti\u00f3 en una prebenda en manos de priores comendatarios. Finalmente en 1592 el papa Climent VIII aboli\u00f3 el priorato de Clar\u00e0.<\/p>\n<\/div><\/div><\/div><\/div><\/div><\/div><\/div><\/section><section class=\"l-section wpb_row height_auto hstMd\"><div class=\"l-section-h i-cf\"><div class=\"g-cols vc_row type_default valign_middle\"><div class=\"vc_col-sm-4 wpb_column vc_column_container\"><div class=\"vc_column-inner\"><div class=\"wpb_wrapper\"><div class=\"w-image align_none\"><div class=\"w-image-h\"><img width=\"800\" height=\"850\" src=\"https:\/\/santperedeclara.cat\/wp-content\/uploads\/2020\/12\/Font_Sant_Pere.jpg\" class=\"attachment-full size-full\" alt=\"\" loading=\"lazy\" srcset=\"https:\/\/santperedeclara.cat\/wp-content\/uploads\/2020\/12\/Font_Sant_Pere.jpg 800w, https:\/\/santperedeclara.cat\/wp-content\/uploads\/2020\/12\/Font_Sant_Pere-282x300.jpg 282w\" sizes=\"(max-width: 800px) 100vw, 800px\" \/><\/div><\/div><\/div><\/div><\/div><div class=\"vc_col-sm-8 wpb_column vc_column_container\"><div class=\"vc_column-inner\"><div class=\"wpb_wrapper\"><div class=\"wpb_text_column\" ><div class=\"wpb_wrapper\"><h3 style=\"text-align: left;\">UNA PODEROSA HACIENDA Y UNA FUENTE MILAGROSA<\/h3>\n<\/div><\/div><div class=\"wpb_text_column\" ><div class=\"wpb_wrapper\"><h2 style=\"text-align: left;\">LOS OR\u00cdGENES DE LA MAS\u00cdA<\/h2>\n<\/div><\/div><div class=\"w-separator size_small with_line width_30 thick_1 style_solid color_primary align_center\"><div class=\"w-separator-h\"><\/div><\/div><div class=\"wpb_text_column txtMd\" ><div class=\"wpb_wrapper\"><p style=\"text-align: left;\">La actual mas\u00eda de Sant Pere de Clar\u00e0 data del siglo XVII y sustituy\u00f3 el edificio monacal del priorato de Sant Pere de Clar\u00e0. Fue alquilada a la fam\u00edlia Marc que despu\u00e9s la compr\u00f3. La mas\u00eda llev\u00f3 este nombre, Can Marc, y con este nombre tir\u00f3 adelante con fuerza y vitalidad durante m\u00e1s de tres siglos.\u00a0Las aguas de la finca hab\u00edan sido muy famosas porque se le atribu\u00edan poderes curativos, y hasta hace pocos a\u00f1os se embotellaba y se distribu\u00eda con el nombre de Aigua de Clar\u00e0.<\/p>\n<\/div><\/div><\/div><\/div><\/div><\/div><\/div><\/section><section class=\"l-section wpb_row height_auto hstMd\"><div class=\"l-section-h i-cf\"><div class=\"g-cols vc_row type_default valign_middle\"><div class=\"vc_col-sm-4 wpb_column vc_column_container\"><div class=\"vc_column-inner\"><div class=\"wpb_wrapper\"><div class=\"w-image align_none\"><div class=\"w-image-h\"><img width=\"800\" height=\"850\" src=\"https:\/\/santperedeclara.cat\/wp-content\/uploads\/2020\/12\/Restauracio_Masia.jpg\" class=\"attachment-full size-full\" alt=\"\" loading=\"lazy\" srcset=\"https:\/\/santperedeclara.cat\/wp-content\/uploads\/2020\/12\/Restauracio_Masia.jpg 800w, https:\/\/santperedeclara.cat\/wp-content\/uploads\/2020\/12\/Restauracio_Masia-282x300.jpg 282w\" sizes=\"(max-width: 800px) 100vw, 800px\" \/><\/div><\/div><\/div><\/div><\/div><div class=\"vc_col-sm-8 wpb_column vc_column_container\"><div class=\"vc_column-inner\"><div class=\"wpb_wrapper\"><div class=\"wpb_text_column\" ><div class=\"wpb_wrapper\"><h3 style=\"text-align: left;\">LA TRANSFORMACI\u00d3N EN CASA DE CAMPO<\/h3>\n<\/div><\/div><div class=\"wpb_text_column\" ><div class=\"wpb_wrapper\"><h2 style=\"text-align: left;\">LA RESTAURACI\u00d3N MODERNISTA<\/h2>\n<\/div><\/div><div class=\"w-separator size_small with_line width_30 thick_1 style_solid color_primary align_center\"><div class=\"w-separator-h\"><\/div><\/div><div class=\"wpb_text_column txtMd\" ><div class=\"wpb_wrapper\"><p style=\"text-align: left;\">En el a\u00f1o 1920, Jaume Figueras, el abuelo de los actuales propietarios, compra la finca y encarga la restauraci\u00f3n de la mas\u00eda y de la capilla al arquitecto Joan Rubi\u00f3, disc\u00edpulo de Gaud\u00ed y colaborador en la construcci\u00f3n de la Sagrada Fam\u00edlia, la Casa Batll\u00f3 y el Park G\u00fcell. Joan Rubi\u00f3 fue el autor del edificio del Frare Blanc en la Avinguda del Tibidabo, la Casa Golferichs de la Gran Via o el Pont del Carrer del Bisbe entre otros.\u00a0La afici\u00f3n de Joan Rubi\u00f3 por la arqueolog\u00eda y el paisajismo convirti\u00f3 el proyecto de restauraci\u00f3n de la mas\u00eda y de la capilla en una aut\u00e9ntica obra maestra, tanto en la arquitectura interior y exterior de los edificios como en los jardines de la finca, creando un conjunto m\u00e1gico y harm\u00f3nico.<\/p>\n<\/div><\/div><\/div><\/div><\/div><\/div><\/div><\/section><section class=\"l-section wpb_row height_auto hstMd\"><div class=\"l-section-h i-cf\"><div class=\"g-cols vc_row type_default valign_middle\"><div class=\"vc_col-sm-4 wpb_column vc_column_container\"><div class=\"vc_column-inner\"><div class=\"wpb_wrapper\"><div class=\"w-image align_none\"><div class=\"w-image-h\"><img width=\"800\" height=\"850\" src=\"https:\/\/santperedeclara.cat\/wp-content\/uploads\/2020\/12\/Capella_Consagrada.jpg\" class=\"attachment-full size-full\" alt=\"\" loading=\"lazy\" srcset=\"https:\/\/santperedeclara.cat\/wp-content\/uploads\/2020\/12\/Capella_Consagrada.jpg 800w, https:\/\/santperedeclara.cat\/wp-content\/uploads\/2020\/12\/Capella_Consagrada-282x300.jpg 282w\" sizes=\"(max-width: 800px) 100vw, 800px\" \/><\/div><\/div><\/div><\/div><\/div><div class=\"vc_col-sm-8 wpb_column vc_column_container\"><div class=\"vc_column-inner\"><div class=\"wpb_wrapper\"><div class=\"wpb_text_column\" ><div class=\"wpb_wrapper\"><h3 style=\"text-align: left;\">DE CORRAL A CAPILLA CONSAGRADA APTA PARA EL CULTO<\/h3>\n<\/div><\/div><div class=\"wpb_text_column\" ><div class=\"wpb_wrapper\"><h2 style=\"text-align: left;\">LA RECUPERACI\u00d3N DE LA CAPILLA<\/h2>\n<\/div><\/div><div class=\"w-separator size_small with_line width_30 thick_1 style_solid color_primary align_center\"><div class=\"w-separator-h\"><\/div><\/div><div class=\"wpb_text_column txtMd\" ><div class=\"wpb_wrapper\"><p style=\"text-align: left;\">Cuando Jaume Figueras compr\u00f3 finca la capilla era utilizada de corral y la losa del altar estaba por el suelo, nadie sab\u00eda com hab\u00eda de colocarla. Un viejo pastor explic\u00f3 que hab\u00eda visto la losa puesta sobre un pilar cil\u00edndrico que en aquel momento serv\u00eda de guarda-ruedas protegiendo la esquina de la casa.\u00a0Recuperada la pieza comprobaron que encajaba con el altar pero el cura ten\u00eda que situarse detr\u00e1s durante la misa, o sea de cara a los feligreses, cosa sin precedentes en el pa\u00eds. El caso se consult\u00f3 en Roma, que autoriz\u00f3 esta disposici\u00f3n. As\u00ed, Sant Pere de Clar\u00e0 es convirti\u00f3 en el primer lugar de Catalunya donde la misa es celebraba de cara el pueblo. En el a\u00f1o 1925 la capilla volvi\u00f3 al culto, se consagr\u00f3 y celebr\u00f3 la primera misa el cardenal Dr. Vidal i Barraquer.<\/p>\n<\/div><\/div><\/div><\/div><\/div><\/div><\/div><\/section><section class=\"l-section wpb_row height_auto hstMd\"><div class=\"l-section-h i-cf\"><div class=\"g-cols vc_row type_default valign_middle\"><div class=\"vc_col-sm-4 wpb_column vc_column_container\"><div class=\"vc_column-inner\"><div class=\"wpb_wrapper\"><div class=\"w-image align_none\"><div class=\"w-image-h\"><img width=\"444\" height=\"472\" src=\"https:\/\/santperedeclara.cat\/wp-content\/uploads\/2020\/12\/Facana_Esglesia_Argentona2.jpg\" class=\"attachment-full size-full\" alt=\"\" loading=\"lazy\" srcset=\"https:\/\/santperedeclara.cat\/wp-content\/uploads\/2020\/12\/Facana_Esglesia_Argentona2.jpg 444w, https:\/\/santperedeclara.cat\/wp-content\/uploads\/2020\/12\/Facana_Esglesia_Argentona2-282x300.jpg 282w\" sizes=\"(max-width: 444px) 100vw, 444px\" \/><\/div><\/div><\/div><\/div><\/div><div class=\"vc_col-sm-8 wpb_column vc_column_container\"><div class=\"vc_column-inner\"><div class=\"wpb_wrapper\"><div class=\"wpb_text_column\" ><div class=\"wpb_wrapper\"><h3 style=\"text-align: left;\">ADEM\u00c1S DE LA MAS\u00cdA<\/h3>\n<\/div><\/div><div class=\"wpb_text_column\" ><div class=\"wpb_wrapper\"><h2 style=\"text-align: left;\">LAS SEPULTURAS DE LA IGLESIA DE ARGENTONA<\/h2>\n<\/div><\/div><div class=\"w-separator size_small with_line width_30 thick_1 style_solid color_primary align_center\"><div class=\"w-separator-h\"><\/div><\/div><div class=\"wpb_text_column txtMd\" ><div class=\"wpb_wrapper\"><p style=\"text-align: left;\">Un aspecto curioso para destacar fue la presencia de tumbas nobiliarias en la Capilla de Sant Pere de Clar\u00e0. Algunas de estas tumbas hoy ya no est\u00e1n en Clar\u00e0 ya que se trasladaron para decorar la fachada de la iglesia de Argentona. El responsable de este traslado fue, ni m\u00e1s ni menos, que el genial arquitecto Josep Puig i Cadafalch, que conoc\u00eda la existencia de la capilla y de su historia milenaria.\u00a0La presencia de tumbas nobiliarias se debe a que Sant Pere de Clar\u00e0 fue utilizado como a recinto funerario por diferentes se\u00f1ores de la comarca del Maresme. Mientras fue priorato benedictino, Sant Pere de Clara tuvo esta funci\u00f3n para la estirpe de los Sant Vicen\u00e7, se\u00f1ores de los castillos de Vilassar y Burriac.<\/p>\n<\/div><\/div><\/div><\/div><\/div><\/div><\/div><\/section><section class=\"l-section wpb_row height_medium\"><div class=\"l-section-h i-cf\"><div class=\"g-cols vc_row type_default valign_top\"><div class=\"vc_col-sm-12 wpb_column vc_column_container\"><div class=\"vc_column-inner\"><div class=\"wpb_wrapper\"><div class=\"w-separator size_small\"><\/div><\/div><\/div><\/div><\/div><\/div><\/section>\n","protected":false},"excerpt":{"rendered":"LA MILENARIA HISTORIA DE SANT PERE DE CLAR\u00c0 UN ANTIGUO CENOBIO BENEDICTINO LOS OR\u00cdGENES DE LA CAPILLA La capilla de Sant Pere de Clar\u00e0 marca los inicios de esta antigua finca. Los expertos defienden que podr\u00eda existir desde el siglo IX o X, aunque la documentaci\u00f3n m\u00e1s antigua que se ha encontrado es del a\u00f1o...","protected":false},"author":1,"featured_media":0,"parent":0,"menu_order":0,"comment_status":"closed","ping_status":"closed","template":"","meta":[],"yoast_head":"<!-- This site is optimized with the Yoast SEO plugin v16.4 - https:\/\/yoast.com\/wordpress\/plugins\/seo\/ -->\n<title>Historia - Sant Pere de Clar\u00e0<\/title>\n<meta name=\"robots\" content=\"index, follow, max-snippet:-1, max-image-preview:large, max-video-preview:-1\" \/>\n<link rel=\"canonical\" href=\"https:\/\/santperedeclara.cat\/es\/historia-capilla-masia-sant-pere-de-clara\/\" \/>\n<meta property=\"og:locale\" content=\"es_ES\" \/>\n<meta property=\"og:type\" content=\"article\" \/>\n<meta property=\"og:title\" content=\"Historia - Sant Pere de Clar\u00e0\" \/>\n<meta property=\"og:url\" content=\"https:\/\/santperedeclara.cat\/es\/historia-capilla-masia-sant-pere-de-clara\/\" \/>\n<meta property=\"og:site_name\" content=\"Sant Pere de Clar\u00e0\" \/>\n<meta property=\"article:modified_time\" content=\"2020-12-13T16:41:17+00:00\" \/>\n<meta name=\"twitter:card\" content=\"summary_large_image\" \/>\n<meta name=\"twitter:label1\" content=\"Tiempo de lectura\" \/>\n\t<meta name=\"twitter:data1\" content=\"5 minutos\" \/>\n<script type=\"application\/ld+json\" class=\"yoast-schema-graph\">{\"@context\":\"https:\/\/schema.org\",\"@graph\":[{\"@type\":\"WebSite\",\"@id\":\"https:\/\/santperedeclara.cat\/#website\",\"url\":\"https:\/\/santperedeclara.cat\/\",\"name\":\"Sant Pere de Clar\\u00e0\",\"description\":\"Masia amb capella per a casaments al maresme\",\"potentialAction\":[{\"@type\":\"SearchAction\",\"target\":\"https:\/\/santperedeclara.cat\/?s={search_term_string}\",\"query-input\":\"required name=search_term_string\"}],\"inLanguage\":\"es\"},{\"@type\":\"WebPage\",\"@id\":\"https:\/\/santperedeclara.cat\/es\/historia-capilla-masia-sant-pere-de-clara\/#webpage\",\"url\":\"https:\/\/santperedeclara.cat\/es\/historia-capilla-masia-sant-pere-de-clara\/\",\"name\":\"Historia - Sant Pere de Clar\\u00e0\",\"isPartOf\":{\"@id\":\"https:\/\/santperedeclara.cat\/#website\"},\"datePublished\":\"2020-12-13T16:41:15+00:00\",\"dateModified\":\"2020-12-13T16:41:17+00:00\",\"breadcrumb\":{\"@id\":\"https:\/\/santperedeclara.cat\/es\/historia-capilla-masia-sant-pere-de-clara\/#breadcrumb\"},\"inLanguage\":\"es\",\"potentialAction\":[{\"@type\":\"ReadAction\",\"target\":[\"https:\/\/santperedeclara.cat\/es\/historia-capilla-masia-sant-pere-de-clara\/\"]}]},{\"@type\":\"BreadcrumbList\",\"@id\":\"https:\/\/santperedeclara.cat\/es\/historia-capilla-masia-sant-pere-de-clara\/#breadcrumb\",\"itemListElement\":[{\"@type\":\"ListItem\",\"position\":1,\"item\":{\"@type\":\"WebPage\",\"@id\":\"https:\/\/santperedeclara.cat\/es\/\",\"url\":\"https:\/\/santperedeclara.cat\/es\/\",\"name\":\"Inici\"}},{\"@type\":\"ListItem\",\"position\":2,\"item\":{\"@id\":\"https:\/\/santperedeclara.cat\/es\/historia-capilla-masia-sant-pere-de-clara\/#webpage\"}}]}]}<\/script>\n<!-- \/ Yoast SEO plugin. -->","_links":{"self":[{"href":"https:\/\/santperedeclara.cat\/es\/wp-json\/wp\/v2\/pages\/343"}],"collection":[{"href":"https:\/\/santperedeclara.cat\/es\/wp-json\/wp\/v2\/pages"}],"about":[{"href":"https:\/\/santperedeclara.cat\/es\/wp-json\/wp\/v2\/types\/page"}],"author":[{"embeddable":true,"href":"https:\/\/santperedeclara.cat\/es\/wp-json\/wp\/v2\/users\/1"}],"replies":[{"embeddable":true,"href":"https:\/\/santperedeclara.cat\/es\/wp-json\/wp\/v2\/comments?post=343"}],"version-history":[{"count":2,"href":"https:\/\/santperedeclara.cat\/es\/wp-json\/wp\/v2\/pages\/343\/revisions"}],"predecessor-version":[{"id":345,"href":"https:\/\/santperedeclara.cat\/es\/wp-json\/wp\/v2\/pages\/343\/revisions\/345"}],"wp:attachment":[{"href":"https:\/\/santperedeclara.cat\/es\/wp-json\/wp\/v2\/media?parent=343"}],"curies":[{"name":"wp","href":"https:\/\/api.w.org\/{rel}","templated":true}]}}