{"id":332,"date":"2020-12-13T16:34:26","date_gmt":"2020-12-13T16:34:26","guid":{"rendered":"https:\/\/santperedeclara.cat\/?page_id=332"},"modified":"2020-12-13T16:37:27","modified_gmt":"2020-12-13T16:37:27","slug":"servicios-masia-capilla-bodas-maresme-barcelona","status":"publish","type":"page","link":"https:\/\/santperedeclara.cat\/es\/servicios-masia-capilla-bodas-maresme-barcelona\/","title":{"rendered":"Servicios"},"content":{"rendered":"<section class=\"l-section wpb_row height_medium\" id=\"introTxt\"><div class=\"l-section-h i-cf\"><div class=\"g-cols vc_row type_default valign_top\"><div class=\"vc_col-sm-12 wpb_column vc_column_container\"><div class=\"vc_column-inner\"><div class=\"wpb_wrapper\"><div class=\"wpb_text_column\" ><div class=\"wpb_wrapper\"><h1 class=\"vc_custom_heading\" style=\"text-align: center;\">UNA AMPLIA VARIEDAD DE SERVICIOS<\/h1>\n<\/div><\/div><\/div><\/div><\/div><\/div><\/div><\/section><section class=\"l-section wpb_row height_auto width_full dbInfo\"><div class=\"l-section-h i-cf\"><div class=\"g-cols vc_row type_default valign_middle\"><div class=\"vc_col-sm-6 wpb_column vc_column_container\"><div class=\"vc_column-inner\"><div class=\"wpb_wrapper\"><div class=\"w-image align_none\"><div class=\"w-image-h\"><img width=\"600\" height=\"400\" src=\"https:\/\/santperedeclara.cat\/wp-content\/uploads\/2020\/12\/Catering_Casament_Maresme.png\" class=\"attachment-full size-full\" alt=\"\" loading=\"lazy\" srcset=\"https:\/\/santperedeclara.cat\/wp-content\/uploads\/2020\/12\/Catering_Casament_Maresme.png 600w, https:\/\/santperedeclara.cat\/wp-content\/uploads\/2020\/12\/Catering_Casament_Maresme-300x200.png 300w\" sizes=\"(max-width: 600px) 100vw, 600px\" \/><\/div><\/div><\/div><\/div><\/div><div class=\"vc_col-sm-6 wpb_column vc_column_container\"><div class=\"vc_column-inner\"><div class=\"wpb_wrapper\"><div class=\"wpb_text_column\" ><div class=\"wpb_wrapper\"><h3 style=\"text-align: center;\">CALIDAD Y SERVICIOS IMPECABLES<\/h3>\n<\/div><\/div><div class=\"wpb_text_column\" ><div class=\"wpb_wrapper\"><h2 style=\"text-align: center;\">CATERING Y GASTRONOM\u00cdA<\/h2>\n<\/div><\/div><div class=\"w-separator size_small with_line width_30 thick_1 style_solid color_primary align_center\"><div class=\"w-separator-h\"><\/div><\/div><div class=\"wpb_text_column txtMd\" ><div class=\"wpb_wrapper\"><p style=\"text-align: center;\">Os podemos ofrecer los servicios de catering con los que trabajamos habitualmente y con los que no tenemos exclusividad.\u00a0En la mas\u00eda de Sant Pere de Clar\u00e0 hemos organizado todo tipo de banquetes de boda, convites y aperitivos. Habitualmente trabajamos con diversas empresas de catering con las que tenemos una excelente relaci\u00f3n. Fruto de nuestra colaboraci\u00f3n podemos ofrecer las mejores garant\u00edas de servicio, calidad y precio. Si por el contrario dese\u00e1is disponer de otro servicio de catering y gastronom\u00eda, en Sant Pere de Clar\u00e0 no tenemos exclusividad con este servicio y nos adaptamos a vuestras necesidades.<\/p>\n<\/div><\/div><\/div><\/div><\/div><\/div><\/div><\/section><!-- Row Backgrounds --><div class=\"upb_color\" data-bg-override=\"0\" data-bg-color=\"#d9d9d9\" data-fadeout=\"\" data-fadeout-percentage=\"30\" data-parallax-content=\"\" data-parallax-content-sense=\"30\" data-row-effect-mobile-disable=\"true\" data-img-parallax-mobile-disable=\"true\" data-rtl=\"false\"  data-custom-vc-row=\"\"  data-vc=\"6.4.2\"  data-is_old_vc=\"\"  data-theme-support=\"\"   data-overlay=\"false\" data-overlay-color=\"\" data-overlay-pattern=\"\" data-overlay-pattern-opacity=\"\" data-overlay-pattern-size=\"\"    ><\/div><section class=\"l-section wpb_row height_auto width_full dbInfo\"><div class=\"l-section-h i-cf\"><div class=\"g-cols vc_row type_default valign_middle\"><div class=\"vc_col-sm-6 wpb_column vc_column_container\"><div class=\"vc_column-inner\"><div class=\"wpb_wrapper\"><div class=\"wpb_text_column\" ><div class=\"wpb_wrapper\"><h3 style=\"text-align: center;\">NOS IMPORTAN LOS DETALLES<\/h3>\n<\/div><\/div><div class=\"wpb_text_column\" ><div class=\"wpb_wrapper\"><h2 style=\"text-align: center;\">FLORES, DETALLES Y DECORACI\u00d3N<\/h2>\n<\/div><\/div><div class=\"w-separator size_small with_line width_30 thick_1 style_solid color_primary align_center\"><div class=\"w-separator-h\"><\/div><\/div><div class=\"wpb_text_column txtMd\" ><div class=\"wpb_wrapper\"><p style=\"text-align: center;\">Tenemos todos los detalles que hacen especial y \u00fanica una celebraci\u00f3n, dise\u00f1ados por los mejores floristas y especialistas en decoraci\u00f3n.\u00a0Nuestros profesionales os ayudar\u00e1n a pensar, dise\u00f1ar y llevar a cabo la escenograf\u00eda que necesit\u00e1is para vuestra boda. Nuestro conocimiento de los espacios y nuestra experiencia en la organizaci\u00f3n de multitud de bodas es una garant\u00eda de \u00e9xito.\u00a0Si lo prefer\u00eds, tambi\u00e9n pod\u00e9is contratar a vuestros colaboradores para preparar todos los detalles a vuestro gusto.\u00a0Los espacios de la mas\u00eda de Sant Pere de Clar\u00e0 ofrecen muchas posibilidades de decoraci\u00f3n para cada momento de la celebraci\u00f3n. \u00a1Aprovechadlo!<\/p>\n<\/div><\/div><\/div><\/div><\/div><div class=\"vc_col-sm-6 wpb_column vc_column_container\"><div class=\"vc_column-inner\"><div class=\"wpb_wrapper\"><div class=\"w-image align_none\"><div class=\"w-image-h\"><img width=\"640\" height=\"427\" src=\"https:\/\/santperedeclara.cat\/wp-content\/uploads\/2020\/12\/boda-blog-wedding-table-deco-2.jpg\" class=\"attachment-full size-full\" alt=\"\" loading=\"lazy\" srcset=\"https:\/\/santperedeclara.cat\/wp-content\/uploads\/2020\/12\/boda-blog-wedding-table-deco-2.jpg 640w, https:\/\/santperedeclara.cat\/wp-content\/uploads\/2020\/12\/boda-blog-wedding-table-deco-2-300x200.jpg 300w\" sizes=\"(max-width: 640px) 100vw, 640px\" \/><\/div><\/div><\/div><\/div><\/div><\/div><\/div><\/section><!-- Row Backgrounds --><div class=\"upb_color\" data-bg-override=\"0\" data-bg-color=\"#d9d9d9\" data-fadeout=\"\" data-fadeout-percentage=\"30\" data-parallax-content=\"\" data-parallax-content-sense=\"30\" data-row-effect-mobile-disable=\"true\" data-img-parallax-mobile-disable=\"true\" data-rtl=\"false\"  data-custom-vc-row=\"\"  data-vc=\"6.4.2\"  data-is_old_vc=\"\"  data-theme-support=\"\"   data-overlay=\"false\" data-overlay-color=\"\" data-overlay-pattern=\"\" data-overlay-pattern-opacity=\"\" data-overlay-pattern-size=\"\"    ><\/div><section class=\"l-section wpb_row height_auto width_full dbInfo\"><div class=\"l-section-h i-cf\"><div class=\"g-cols vc_row type_default valign_middle\"><div class=\"vc_col-sm-6 wpb_column vc_column_container\"><div class=\"vc_column-inner\"><div class=\"wpb_wrapper\"><div class=\"w-image align_none\"><div class=\"w-image-h\"><img width=\"1500\" height=\"1000\" src=\"https:\/\/santperedeclara.cat\/wp-content\/uploads\/2020\/12\/3deseosymedio-InmaAndekaBODA-127.jpg\" class=\"attachment-full size-full\" alt=\"\" loading=\"lazy\" srcset=\"https:\/\/santperedeclara.cat\/wp-content\/uploads\/2020\/12\/3deseosymedio-InmaAndekaBODA-127.jpg 1500w, https:\/\/santperedeclara.cat\/wp-content\/uploads\/2020\/12\/3deseosymedio-InmaAndekaBODA-127-300x200.jpg 300w, https:\/\/santperedeclara.cat\/wp-content\/uploads\/2020\/12\/3deseosymedio-InmaAndekaBODA-127-1024x683.jpg 1024w\" sizes=\"(max-width: 1500px) 100vw, 1500px\" \/><\/div><\/div><\/div><\/div><\/div><div class=\"vc_col-sm-6 wpb_column vc_column_container\"><div class=\"vc_column-inner\"><div class=\"wpb_wrapper\"><div class=\"wpb_text_column\" ><div class=\"wpb_wrapper\"><h3 style=\"text-align: center;\">DISFRUTAD DE LA FIESTA A VUESTRO GUSTO<\/h3>\n<\/div><\/div><div class=\"wpb_text_column\" ><div class=\"wpb_wrapper\"><h2 style=\"text-align: center;\">DISC JOCKEYS Y ANIMACI\u00d3N<\/h2>\n<\/div><\/div><div class=\"w-separator size_small with_line width_30 thick_1 style_solid color_primary align_center\"><div class=\"w-separator-h\"><\/div><\/div><div class=\"wpb_text_column txtMd\" ><div class=\"wpb_wrapper\"><p class=\"description\" style=\"text-align: center;\">Nuestro servicio de disc jockey, m\u00fasica, luces y animaci\u00f3n os permite disfrutar de una fiesta a vuestro gusto.<\/p>\n<p style=\"text-align: center;\">En Sant Pere de Clar\u00e0 disponemos de diferentes instalaciones, con las infraestructuras necesarias, para celebrar el baile y la fiesta de la boda.<\/p>\n<p style=\"text-align: center;\">Tenemos espacios cubiertos, como las cavallerizas y la carpa o espacios al aire libre que ofrecen un marco inmejorable para la celebraci\u00f3n.<\/p>\n<\/div><\/div><\/div><\/div><\/div><\/div><\/div><\/section><!-- Row Backgrounds --><div class=\"upb_color\" data-bg-override=\"0\" data-bg-color=\"#d9d9d9\" data-fadeout=\"\" data-fadeout-percentage=\"30\" data-parallax-content=\"\" data-parallax-content-sense=\"30\" data-row-effect-mobile-disable=\"true\" data-img-parallax-mobile-disable=\"true\" data-rtl=\"false\"  data-custom-vc-row=\"\"  data-vc=\"6.4.2\"  data-is_old_vc=\"\"  data-theme-support=\"\"   data-overlay=\"false\" data-overlay-color=\"\" data-overlay-pattern=\"\" data-overlay-pattern-opacity=\"\" data-overlay-pattern-size=\"\"    ><\/div><section class=\"l-section wpb_row height_auto width_full dbInfo\"><div class=\"l-section-h i-cf\"><div class=\"g-cols vc_row type_default valign_middle\"><div class=\"vc_col-sm-6 wpb_column vc_column_container\"><div class=\"vc_column-inner\"><div class=\"wpb_wrapper\"><div class=\"wpb_text_column\" ><div class=\"wpb_wrapper\"><h3 style=\"text-align: center;\">LA EXPERIENCIA ORGANIZATIVA A VUESTRO SERVICIO<\/h3>\n<\/div><\/div><div class=\"wpb_text_column\" ><div class=\"wpb_wrapper\"><h2 style=\"text-align: center;\">WEDDING PLANNER<\/h2>\n<\/div><\/div><div class=\"w-separator size_small with_line width_30 thick_1 style_solid color_primary align_center\"><div class=\"w-separator-h\"><\/div><\/div><div class=\"wpb_text_column txtMd\" ><div class=\"wpb_wrapper\"><p style=\"text-align: center;\">Ponemos a vuestra disposici\u00f3n un servicio exclusivo de wedding planner, para haceros m\u00e1s sencilla la organizaci\u00f3n de vuestra boda. Este servicio os evitar\u00e1 quebraderos de cabeza y preocupaciones aportando experiencia y profesionalidad y adapt\u00e1ndose a vuestros gustos y a vuestro presupuesto cuando organic\u00e9is vuestra boda o celebraci\u00f3n. \u00a1Optimizar\u00e9is presupuestos y no dejar\u00e9is nada al azar! Todos los que han confiado en esta ayuda no se han arrepentido.<\/p>\n<\/div><\/div><\/div><\/div><\/div><div class=\"vc_col-sm-6 wpb_column vc_column_container\"><div class=\"vc_column-inner\"><div class=\"wpb_wrapper\"><div class=\"w-image align_none\"><div class=\"w-image-h\"><img width=\"999\" height=\"666\" src=\"https:\/\/santperedeclara.cat\/wp-content\/uploads\/2020\/12\/Wedding_Planner_Maresme.jpg\" class=\"attachment-full size-full\" alt=\"\" loading=\"lazy\" srcset=\"https:\/\/santperedeclara.cat\/wp-content\/uploads\/2020\/12\/Wedding_Planner_Maresme.jpg 999w, https:\/\/santperedeclara.cat\/wp-content\/uploads\/2020\/12\/Wedding_Planner_Maresme-300x200.jpg 300w\" sizes=\"(max-width: 999px) 100vw, 999px\" \/><\/div><\/div><\/div><\/div><\/div><\/div><\/div><\/section><!-- Row Backgrounds --><div class=\"upb_color\" data-bg-override=\"0\" data-bg-color=\"#d9d9d9\" data-fadeout=\"\" data-fadeout-percentage=\"30\" data-parallax-content=\"\" data-parallax-content-sense=\"30\" data-row-effect-mobile-disable=\"true\" data-img-parallax-mobile-disable=\"true\" data-rtl=\"false\"  data-custom-vc-row=\"\"  data-vc=\"6.4.2\"  data-is_old_vc=\"\"  data-theme-support=\"\"   data-overlay=\"false\" data-overlay-color=\"\" data-overlay-pattern=\"\" data-overlay-pattern-opacity=\"\" data-overlay-pattern-size=\"\"    ><\/div><section class=\"l-section wpb_row height_auto width_full dbInfo\"><div class=\"l-section-h i-cf\"><div class=\"g-cols vc_row type_default valign_middle\"><div class=\"vc_col-sm-6 wpb_column vc_column_container\"><div class=\"vc_column-inner\"><div class=\"wpb_wrapper\"><div class=\"w-image align_none\"><div class=\"w-image-h\"><img width=\"600\" height=\"401\" src=\"https:\/\/santperedeclara.cat\/wp-content\/uploads\/2020\/12\/Fotograf_Casaments_Maresme.jpg\" class=\"attachment-full size-full\" alt=\"\" loading=\"lazy\" srcset=\"https:\/\/santperedeclara.cat\/wp-content\/uploads\/2020\/12\/Fotograf_Casaments_Maresme.jpg 600w, https:\/\/santperedeclara.cat\/wp-content\/uploads\/2020\/12\/Fotograf_Casaments_Maresme-300x201.jpg 300w\" sizes=\"(max-width: 600px) 100vw, 600px\" \/><\/div><\/div><\/div><\/div><\/div><div class=\"vc_col-sm-6 wpb_column vc_column_container\"><div class=\"vc_column-inner\"><div class=\"wpb_wrapper\"><div class=\"wpb_text_column\" ><div class=\"wpb_wrapper\"><h3 style=\"text-align: center;\">INMORTALIZAD LOS MEJORES MOMENTOS<\/h3>\n<\/div><\/div><div class=\"wpb_text_column\" ><div class=\"wpb_wrapper\"><h2 style=\"text-align: center;\">FOTOGRAF\u00cdA PROFESIONAL<\/h2>\n<\/div><\/div><div class=\"w-separator size_small with_line width_30 thick_1 style_solid color_primary align_center\"><div class=\"w-separator-h\"><\/div><\/div><div class=\"wpb_text_column txtMd\" ><div class=\"wpb_wrapper\"><p style=\"text-align: center;\">\u00bfQuer\u00e9is dejar un recuerdo imborrable de los mejores momentos de vuestra boda o celebraci\u00f3n? En la mas\u00eda de Sant Pere de Clar\u00e0 disponemos de especialistas de primer nivel en la producci\u00f3n audiovisual o en fotograf\u00eda. Podr\u00e9is elegir entre diferentes opciones, todas con su sello personal y de una calidad inmejorable.\u00a0Los diferentes espacios, tanto interiores como exteriores, de la mas\u00eda de Sant Pere de Clar\u00e0, ofrecen grandes posibilidades para hacer atractivos foto-reportajes en un marco lleno de magia y singularidad.<\/p>\n<\/div><\/div><\/div><\/div><\/div><\/div><\/div><\/section><!-- Row Backgrounds --><div class=\"upb_color\" data-bg-override=\"0\" data-bg-color=\"#d9d9d9\" data-fadeout=\"\" data-fadeout-percentage=\"30\" data-parallax-content=\"\" data-parallax-content-sense=\"30\" data-row-effect-mobile-disable=\"true\" data-img-parallax-mobile-disable=\"true\" data-rtl=\"false\"  data-custom-vc-row=\"\"  data-vc=\"6.4.2\"  data-is_old_vc=\"\"  data-theme-support=\"\"   data-overlay=\"false\" data-overlay-color=\"\" data-overlay-pattern=\"\" data-overlay-pattern-opacity=\"\" data-overlay-pattern-size=\"\"    ><\/div><section class=\"l-section wpb_row height_auto width_full dbInfo\"><div class=\"l-section-h i-cf\"><div class=\"g-cols vc_row type_default valign_middle\"><div class=\"vc_col-sm-6 wpb_column vc_column_container\"><div class=\"vc_column-inner\"><div class=\"wpb_wrapper\"><div class=\"wpb_text_column\" ><div class=\"wpb_wrapper\"><h3 style=\"text-align: center;\">Y TODO LO QUE POD\u00c1IS NECESITAR<\/h3>\n<\/div><\/div><div class=\"wpb_text_column\" ><div class=\"wpb_wrapper\"><h2 style=\"text-align: center;\">OTROS SERVICIOS<\/h2>\n<\/div><\/div><div class=\"w-separator size_small with_line width_30 thick_1 style_solid color_primary align_center\"><div class=\"w-separator-h\"><\/div><\/div><div class=\"wpb_text_column txtMd\" ><div class=\"wpb_wrapper\"><p class=\"description\" style=\"text-align: center;\">Tambi\u00e9n ofrecemos gran diversidad de servicios adicionales, como por ejemplo espacio reservado para los novios; servicio de entretenimiento infantil para que los m\u00e1s peque\u00f1os puedan disfrutar de su celebraci\u00f3n particular; servicio de retoques de maquillaje para todos los invitados durante la celebraci\u00f3n; servicios de guarda-ropa; alquiler de carruajes y coches de novios; alquiler de autocares\u2026<\/p>\n<p class=\"description\" style=\"text-align: center;\">El equipo de la mas\u00eda de Sant Pere de Clar\u00e0, con su experiencia y compromiso de servicio, buscar\u00e1 y encontrar\u00e1 todo lo que necesit\u00e9is en cada momento sea cual sea el estilo de vuestra celebraci\u00f3n. \u00a1No dud\u00e9is en consultarnos todas vuestras dudas!.<\/p>\n<\/div><\/div><\/div><\/div><\/div><div class=\"vc_col-sm-6 wpb_column vc_column_container\"><div class=\"vc_column-inner\"><div class=\"wpb_wrapper\"><div class=\"w-image align_none\"><div class=\"w-image-h\"><img width=\"2525\" height=\"1683\" src=\"https:\/\/santperedeclara.cat\/wp-content\/uploads\/2020\/12\/Serveis_Casament_Maresme.jpg\" class=\"attachment-full size-full\" alt=\"\" loading=\"lazy\" srcset=\"https:\/\/santperedeclara.cat\/wp-content\/uploads\/2020\/12\/Serveis_Casament_Maresme.jpg 2525w, https:\/\/santperedeclara.cat\/wp-content\/uploads\/2020\/12\/Serveis_Casament_Maresme-300x200.jpg 300w, https:\/\/santperedeclara.cat\/wp-content\/uploads\/2020\/12\/Serveis_Casament_Maresme-1024x683.jpg 1024w\" sizes=\"(max-width: 2525px) 100vw, 2525px\" \/><\/div><\/div><\/div><\/div><\/div><\/div><\/div><\/section><!-- Row Backgrounds --><div class=\"upb_color\" data-bg-override=\"0\" data-bg-color=\"#d9d9d9\" data-fadeout=\"\" data-fadeout-percentage=\"30\" data-parallax-content=\"\" data-parallax-content-sense=\"30\" data-row-effect-mobile-disable=\"true\" data-img-parallax-mobile-disable=\"true\" data-rtl=\"false\"  data-custom-vc-row=\"\"  data-vc=\"6.4.2\"  data-is_old_vc=\"\"  data-theme-support=\"\"   data-overlay=\"false\" data-overlay-color=\"\" data-overlay-pattern=\"\" data-overlay-pattern-opacity=\"\" data-overlay-pattern-size=\"\"    ><\/div><section class=\"l-section wpb_row height_huge\" id=\"logosMd\"><div class=\"l-section-h i-cf\"><div class=\"g-cols vc_row type_default valign_top\"><div class=\"vc_col-sm-12 wpb_column vc_column_container\"><div class=\"vc_column-inner\"><div class=\"wpb_wrapper\"><div class=\"wpb_text_column\" ><div class=\"wpb_wrapper\"><h2 class=\"vc_custom_heading\" style=\"text-align: center;\">Nuestros colaboradores de servicios<\/h2>\n<\/div><\/div><div class=\"g-cols wpb_row  type_default valign_top vc_inner\"><div class=\"vc_col-sm-12 wpb_column vc_column_container\"><div class=\"vc_column-inner\"><div class=\"wpb_wrapper\"><div class=\"w-image align_none\"><a target=\"_blank\" href=\"http:\/\/annamas.net\/\" rel=\"noopener\" aria-label=\"Enlace\" class=\"w-image-h\"><img width=\"260\" height=\"146\" src=\"https:\/\/santperedeclara.cat\/wp-content\/uploads\/2020\/12\/AnnaMasLogoColor.jpg\" class=\"attachment-full size-full\" alt=\"\" loading=\"lazy\" \/><\/a><\/div><div class=\"w-image align_none\"><a target=\"_blank\" href=\"https:\/\/www.3deseosymedio.com\/\" rel=\"noopener\" aria-label=\"Enlace\" class=\"w-image-h\"><img width=\"260\" height=\"146\" src=\"https:\/\/santperedeclara.cat\/wp-content\/uploads\/2020\/12\/3DeseosLogoColor.jpg\" class=\"attachment-full size-full\" alt=\"\" loading=\"lazy\" \/><\/a><\/div><div class=\"w-image align_none\"><a target=\"_blank\" href=\"https:\/\/www.carlaaymat.com\/\" rel=\"noopener\" aria-label=\"Enlace\" class=\"w-image-h\"><img width=\"260\" height=\"146\" src=\"https:\/\/santperedeclara.cat\/wp-content\/uploads\/2020\/12\/CarlaAymatLogo.jpg\" class=\"attachment-full size-full\" alt=\"\" loading=\"lazy\" \/><\/a><\/div><div class=\"w-image align_none\"><a target=\"_blank\" href=\"https:\/\/www.abanik.com\/\" rel=\"noopener\" aria-label=\"Enlace\" class=\"w-image-h\"><img width=\"261\" height=\"146\" src=\"https:\/\/santperedeclara.cat\/wp-content\/uploads\/2020\/12\/Abanik-logo-Color.jpg\" class=\"attachment-full size-full\" alt=\"\" loading=\"lazy\" \/><\/a><\/div><div class=\"w-image align_none\"><a target=\"_blank\" href=\"https:\/\/www.diez-bordons.com\/\" rel=\"noopener\" aria-label=\"Enlace\" class=\"w-image-h\"><img width=\"260\" height=\"145\" src=\"https:\/\/santperedeclara.cat\/wp-content\/uploads\/2020\/12\/Bordons_logo.png\" class=\"attachment-full size-full\" alt=\"\" loading=\"lazy\" \/><\/a><\/div><div class=\"w-image align_none\"><a target=\"_blank\" href=\"http:\/\/www.autocaresbello.com\/\" rel=\"noopener\" aria-label=\"Enlace\" class=\"w-image-h\"><img width=\"260\" height=\"146\" src=\"https:\/\/santperedeclara.cat\/wp-content\/uploads\/2020\/12\/AutocarsBelloLogo.jpg\" class=\"attachment-full size-full\" alt=\"\" loading=\"lazy\" \/><\/a><\/div><div class=\"w-image align_none\"><a target=\"_blank\" href=\"http:\/\/www.dnavarro.es\/\" rel=\"noopener\" aria-label=\"Enlace\" class=\"w-image-h\"><img width=\"260\" height=\"146\" src=\"https:\/\/santperedeclara.cat\/wp-content\/uploads\/2020\/12\/DavidNavarroLogo-1.jpg\" class=\"attachment-full size-full\" alt=\"\" loading=\"lazy\" \/><\/a><\/div><div class=\"w-image align_none\"><a target=\"_blank\" href=\"http:\/\/www.sauleda.cat\/\" rel=\"noopener\" aria-label=\"Enlace\" class=\"w-image-h\"><img width=\"260\" height=\"146\" src=\"https:\/\/santperedeclara.cat\/wp-content\/uploads\/2020\/12\/SauledaLogoColor.jpg\" class=\"attachment-full size-full\" alt=\"\" loading=\"lazy\" \/><\/a><\/div><div class=\"w-image align_none\"><a target=\"_blank\" href=\"http:\/\/www.richardhadley.net\/\" rel=\"noopener\" aria-label=\"Enlace\" class=\"w-image-h\"><img width=\"260\" height=\"146\" src=\"https:\/\/santperedeclara.cat\/wp-content\/uploads\/2020\/12\/Hadley_Logo.png\" class=\"attachment-full size-full\" alt=\"\" loading=\"lazy\" \/><\/a><\/div><div class=\"w-image align_none\"><a target=\"_blank\" href=\"https:\/\/www.facebook.com\/Vidiella-Flors-378559885904\/\" rel=\"noopener\" aria-label=\"Enlace\" class=\"w-image-h\"><img width=\"260\" height=\"146\" src=\"https:\/\/santperedeclara.cat\/wp-content\/uploads\/2020\/12\/VidiellaFlorsLogo.jpg\" class=\"attachment-full size-full\" alt=\"\" loading=\"lazy\" \/><\/a><\/div><div class=\"w-image align_none\"><a target=\"_blank\" href=\"http:\/\/www.saraholmgren.com\/\" rel=\"noopener\" aria-label=\"Enlace\" class=\"w-image-h\"><img width=\"260\" height=\"146\" src=\"https:\/\/santperedeclara.cat\/wp-content\/uploads\/2020\/12\/SaraHomgrenLogo.jpg\" class=\"attachment-full size-full\" alt=\"\" loading=\"lazy\" \/><\/a><\/div><div class=\"w-image align_none\"><a target=\"_blank\" href=\"http:\/\/noavorreixis.com\/\" rel=\"noopener\" aria-label=\"Enlace\" class=\"w-image-h\"><img width=\"260\" height=\"146\" src=\"https:\/\/santperedeclara.cat\/wp-content\/uploads\/2020\/12\/NoAvorreixisLogo.jpg\" class=\"attachment-full size-full\" alt=\"\" loading=\"lazy\" \/><\/a><\/div><\/div><\/div><\/div><\/div><\/div><\/div><\/div><\/div><\/div><\/section>\n","protected":false},"excerpt":{"rendered":"UNA AMPLIA VARIEDAD DE SERVICIOS CALIDAD Y SERVICIOS IMPECABLES CATERING Y GASTRONOM\u00cdA Os podemos ofrecer los servicios de catering con los que trabajamos habitualmente y con los que no tenemos exclusividad.\u00a0En la mas\u00eda de Sant Pere de Clar\u00e0 hemos organizado todo tipo de banquetes de boda, convites y aperitivos. Habitualmente trabajamos con diversas empresas de...","protected":false},"author":1,"featured_media":0,"parent":0,"menu_order":0,"comment_status":"closed","ping_status":"closed","template":"","meta":[],"yoast_head":"<!-- This site is optimized with the Yoast SEO plugin v16.4 - https:\/\/yoast.com\/wordpress\/plugins\/seo\/ -->\n<title>Servicios - Sant Pere de Clar\u00e0<\/title>\n<meta name=\"robots\" content=\"index, follow, max-snippet:-1, max-image-preview:large, max-video-preview:-1\" \/>\n<link rel=\"canonical\" href=\"https:\/\/santperedeclara.cat\/es\/servicios-masia-capilla-bodas-maresme-barcelona\/\" \/>\n<meta property=\"og:locale\" content=\"es_ES\" \/>\n<meta property=\"og:type\" content=\"article\" \/>\n<meta property=\"og:title\" content=\"Servicios - Sant Pere de Clar\u00e0\" \/>\n<meta property=\"og:url\" content=\"https:\/\/santperedeclara.cat\/es\/servicios-masia-capilla-bodas-maresme-barcelona\/\" \/>\n<meta property=\"og:site_name\" content=\"Sant Pere de Clar\u00e0\" \/>\n<meta property=\"article:modified_time\" content=\"2020-12-13T16:37:27+00:00\" \/>\n<meta name=\"twitter:card\" content=\"summary_large_image\" \/>\n<meta name=\"twitter:label1\" content=\"Tiempo de lectura\" \/>\n\t<meta name=\"twitter:data1\" content=\"7 minutos\" \/>\n<script type=\"application\/ld+json\" class=\"yoast-schema-graph\">{\"@context\":\"https:\/\/schema.org\",\"@graph\":[{\"@type\":\"WebSite\",\"@id\":\"https:\/\/santperedeclara.cat\/#website\",\"url\":\"https:\/\/santperedeclara.cat\/\",\"name\":\"Sant Pere de Clar\\u00e0\",\"description\":\"Masia amb capella per a casaments al maresme\",\"potentialAction\":[{\"@type\":\"SearchAction\",\"target\":\"https:\/\/santperedeclara.cat\/?s={search_term_string}\",\"query-input\":\"required name=search_term_string\"}],\"inLanguage\":\"es\"},{\"@type\":\"WebPage\",\"@id\":\"https:\/\/santperedeclara.cat\/es\/servicios-masia-capilla-bodas-maresme-barcelona\/#webpage\",\"url\":\"https:\/\/santperedeclara.cat\/es\/servicios-masia-capilla-bodas-maresme-barcelona\/\",\"name\":\"Servicios - Sant Pere de Clar\\u00e0\",\"isPartOf\":{\"@id\":\"https:\/\/santperedeclara.cat\/#website\"},\"datePublished\":\"2020-12-13T16:34:26+00:00\",\"dateModified\":\"2020-12-13T16:37:27+00:00\",\"breadcrumb\":{\"@id\":\"https:\/\/santperedeclara.cat\/es\/servicios-masia-capilla-bodas-maresme-barcelona\/#breadcrumb\"},\"inLanguage\":\"es\",\"potentialAction\":[{\"@type\":\"ReadAction\",\"target\":[\"https:\/\/santperedeclara.cat\/es\/servicios-masia-capilla-bodas-maresme-barcelona\/\"]}]},{\"@type\":\"BreadcrumbList\",\"@id\":\"https:\/\/santperedeclara.cat\/es\/servicios-masia-capilla-bodas-maresme-barcelona\/#breadcrumb\",\"itemListElement\":[{\"@type\":\"ListItem\",\"position\":1,\"item\":{\"@type\":\"WebPage\",\"@id\":\"https:\/\/santperedeclara.cat\/es\/\",\"url\":\"https:\/\/santperedeclara.cat\/es\/\",\"name\":\"Inici\"}},{\"@type\":\"ListItem\",\"position\":2,\"item\":{\"@id\":\"https:\/\/santperedeclara.cat\/es\/servicios-masia-capilla-bodas-maresme-barcelona\/#webpage\"}}]}]}<\/script>\n<!-- \/ Yoast SEO plugin. -->","_links":{"self":[{"href":"https:\/\/santperedeclara.cat\/es\/wp-json\/wp\/v2\/pages\/332"}],"collection":[{"href":"https:\/\/santperedeclara.cat\/es\/wp-json\/wp\/v2\/pages"}],"about":[{"href":"https:\/\/santperedeclara.cat\/es\/wp-json\/wp\/v2\/types\/page"}],"author":[{"embeddable":true,"href":"https:\/\/santperedeclara.cat\/es\/wp-json\/wp\/v2\/users\/1"}],"replies":[{"embeddable":true,"href":"https:\/\/santperedeclara.cat\/es\/wp-json\/wp\/v2\/comments?post=332"}],"version-history":[{"count":5,"href":"https:\/\/santperedeclara.cat\/es\/wp-json\/wp\/v2\/pages\/332\/revisions"}],"predecessor-version":[{"id":338,"href":"https:\/\/santperedeclara.cat\/es\/wp-json\/wp\/v2\/pages\/332\/revisions\/338"}],"wp:attachment":[{"href":"https:\/\/santperedeclara.cat\/es\/wp-json\/wp\/v2\/media?parent=332"}],"curies":[{"name":"wp","href":"https:\/\/api.w.org\/{rel}","templated":true}]}}