{"id":323,"date":"2020-12-13T16:32:01","date_gmt":"2020-12-13T16:32:01","guid":{"rendered":"https:\/\/santperedeclara.cat\/?page_id=323"},"modified":"2020-12-13T18:59:16","modified_gmt":"2020-12-13T18:59:16","slug":"espacios-masia-capilla-boda-maresme-barcelona","status":"publish","type":"page","link":"https:\/\/santperedeclara.cat\/es\/espacios-masia-capilla-boda-maresme-barcelona\/","title":{"rendered":"Espacios"},"content":{"rendered":"<section class=\"l-section wpb_row height_medium\" id=\"introTxt\"><div class=\"l-section-h i-cf\"><div class=\"g-cols vc_row type_default valign_top\"><div class=\"vc_col-sm-12 wpb_column vc_column_container\"><div class=\"vc_column-inner\"><div class=\"wpb_wrapper\"><div class=\"wpb_text_column\" ><div class=\"wpb_wrapper\"><h1 style=\"text-align: center;\">QU\u00c9 OS OFRECEMOS EN LA MAS\u00cdA DE SANT PERE DE CLAR\u00c0?<\/h1>\n<\/div><\/div><div class=\"w-separator size_small with_line width_30 thick_1 style_solid color_primary align_center\"><div class=\"w-separator-h\"><\/div><\/div><div class=\"wpb_text_column txtMd\" ><div class=\"wpb_wrapper\"><p style=\"text-align: center;\">El equipo de Sant Pere de Clar\u00e0 trabaja para mantener la finca con todo su encanto y cederos la mas\u00eda y sus equipamientos en exclusiva, para que prepar\u00e9is vuestra boda o celebraci\u00f3n a vuestro gusto y disfrut\u00e9is de un d\u00eda inolvidable en un entorno espectacular en el Maresme, muy cerca de Barcelona.<\/p>\n<\/div><\/div><\/div><\/div><\/div><\/div><\/div><\/section><section class=\"l-section wpb_row height_auto width_full\"><div class=\"l-section-h i-cf\"><div class=\"g-cols vc_row type_default valign_top\"><div class=\"vc_col-sm-12 wpb_column vc_column_container\"><div class=\"vc_column-inner\"><div class=\"wpb_wrapper\"><div class=\"w-image align_none\"><div class=\"w-image-h\"><img width=\"1895\" height=\"395\" src=\"https:\/\/santperedeclara.cat\/wp-content\/uploads\/2020\/12\/plano-catala-no-degradat-2.jpg\" class=\"attachment-full size-full\" alt=\"\" loading=\"lazy\" srcset=\"https:\/\/santperedeclara.cat\/wp-content\/uploads\/2020\/12\/plano-catala-no-degradat-2.jpg 1895w, https:\/\/santperedeclara.cat\/wp-content\/uploads\/2020\/12\/plano-catala-no-degradat-2-300x63.jpg 300w, https:\/\/santperedeclara.cat\/wp-content\/uploads\/2020\/12\/plano-catala-no-degradat-2-1024x213.jpg 1024w\" sizes=\"(max-width: 1895px) 100vw, 1895px\" \/><\/div><\/div><\/div><\/div><\/div><\/div><\/div><\/section><section class=\"l-section wpb_row height_auto width_full\" id=\"bnrMd\"><div class=\"l-section-h i-cf\"><div class=\"g-cols vc_row type_default valign_top\"><div class=\"vc_col-sm-3 wpb_column vc_column_container\"><div class=\"vc_column-inner\"><div class=\"wpb_wrapper\"><div class=\"ult-new-ib ult-ib-effect-style6  ult-ib-resp  \" data-min-width=\"768\" data-max-width=\"900\" style=\"\" data-opacity=\"1\" data-hover-opacity=\"1\" ><img class=\"ult-new-ib-img\" style=\"opacity:1;\" alt=\"null\" src=\"https:\/\/santperedeclara.cat\/wp-content\/uploads\/2020\/12\/Aperitif_Masia_Maresme.jpg\"   \/><div id=\"interactive-banner-wrap-2442\" class=\"ult-new-ib-desc\" style=\"\"><h6 class=\"ult-new-ib-title ult-responsive\"  data-ultimate-target='#interactive-banner-wrap-2442 .ult-new-ib-title'  data-responsive-json-new='{\"font-size\":\"\",\"line-height\":\"\"}'  style=\"font-weight:normal;\">EL ENCINAR<\/h6><\/div><a class=\"ult-new-ib-link\" href=\"https:\/\/santperedeclara.cat\/es\/jardines-masia-boda-maresme\/\" title=\"El Encinar\"  ><\/a><\/div><script type=\"text\/javascript\">\n\t\t\t(function($){\n\t\t\t\t$(document).ready(function(){\n\t\t\t\t\t$(\".ult-new-ib\").css(\"opacity\",\"1\");\n\t\t\t\t});\n\t\t\t})(jQuery);\n\t\t\t<\/script><\/div><\/div><\/div><div class=\"vc_col-sm-3 wpb_column vc_column_container\"><div class=\"vc_column-inner\"><div class=\"wpb_wrapper\"><div class=\"ult-new-ib ult-ib-effect-style6  ult-ib-resp  \" data-min-width=\"768\" data-max-width=\"900\" style=\"\" data-opacity=\"1\" data-hover-opacity=\"1\" ><img class=\"ult-new-ib-img\" style=\"opacity:1;\" alt=\"null\" src=\"https:\/\/santperedeclara.cat\/wp-content\/uploads\/2020\/12\/Casament_Disco_Maresme1.jpg\"   \/><div id=\"interactive-banner-wrap-8635\" class=\"ult-new-ib-desc\" style=\"\"><h6 class=\"ult-new-ib-title ult-responsive\"  data-ultimate-target='#interactive-banner-wrap-8635 .ult-new-ib-title'  data-responsive-json-new='{\"font-size\":\"\",\"line-height\":\"\"}'  style=\"font-weight:normal;\">SALA POLIVALENTE \u2013 DISCO<\/h6><\/div><a class=\"ult-new-ib-link\" href=\"https:\/\/santperedeclara.cat\/es\/sala-polivalente-disco\/\" title=\"Sala Polivalente \u2013 Disco\"  ><\/a><\/div><script type=\"text\/javascript\">\n\t\t\t(function($){\n\t\t\t\t$(document).ready(function(){\n\t\t\t\t\t$(\".ult-new-ib\").css(\"opacity\",\"1\");\n\t\t\t\t});\n\t\t\t})(jQuery);\n\t\t\t<\/script><\/div><\/div><\/div><div class=\"vc_col-sm-3 wpb_column vc_column_container\"><div class=\"vc_column-inner\"><div class=\"wpb_wrapper\"><div class=\"ult-new-ib ult-ib-effect-style6  ult-ib-resp  \" data-min-width=\"768\" data-max-width=\"900\" style=\"\" data-opacity=\"1\" data-hover-opacity=\"1\" ><img class=\"ult-new-ib-img\" style=\"opacity:1;\" alt=\"null\" src=\"https:\/\/santperedeclara.cat\/wp-content\/uploads\/2020\/12\/Espais_La_Carpa.jpg\"   \/><div id=\"interactive-banner-wrap-8612\" class=\"ult-new-ib-desc\" style=\"\"><h6 class=\"ult-new-ib-title ult-responsive\"  data-ultimate-target='#interactive-banner-wrap-8612 .ult-new-ib-title'  data-responsive-json-new='{\"font-size\":\"\",\"line-height\":\"\"}'  style=\"font-weight:normal;\">LA CARPA<\/h6><\/div><a class=\"ult-new-ib-link\" href=\"https:\/\/santperedeclara.cat\/es\/carpa-masia-boda-maresme\/\" title=\"La Carpa\"  ><\/a><\/div><script type=\"text\/javascript\">\n\t\t\t(function($){\n\t\t\t\t$(document).ready(function(){\n\t\t\t\t\t$(\".ult-new-ib\").css(\"opacity\",\"1\");\n\t\t\t\t});\n\t\t\t})(jQuery);\n\t\t\t<\/script><\/div><\/div><\/div><div class=\"vc_col-sm-3 wpb_column vc_column_container\"><div class=\"vc_column-inner\"><div class=\"wpb_wrapper\"><div class=\"ult-new-ib ult-ib-effect-style6  ult-ib-resp  \" data-min-width=\"768\" data-max-width=\"900\" style=\"\" data-opacity=\"1\" data-hover-opacity=\"1\" ><img class=\"ult-new-ib-img\" style=\"opacity:1;\" alt=\"null\" src=\"https:\/\/santperedeclara.cat\/wp-content\/uploads\/2020\/12\/home.jpg\"   \/><div id=\"interactive-banner-wrap-2755\" class=\"ult-new-ib-desc\" style=\"\"><h6 class=\"ult-new-ib-title ult-responsive\"  data-ultimate-target='#interactive-banner-wrap-2755 .ult-new-ib-title'  data-responsive-json-new='{\"font-size\":\"\",\"line-height\":\"\"}'  style=\"font-weight:normal;\">LA CAPILLA<\/h6><\/div><a class=\"ult-new-ib-link\" href=\"https:\/\/santperedeclara.cat\/es\/capilla-romanica-masia-bodas-maresme\/\" title=\"La Capilla\"  ><\/a><\/div><script type=\"text\/javascript\">\n\t\t\t(function($){\n\t\t\t\t$(document).ready(function(){\n\t\t\t\t\t$(\".ult-new-ib\").css(\"opacity\",\"1\");\n\t\t\t\t});\n\t\t\t})(jQuery);\n\t\t\t<\/script><\/div><\/div><\/div><\/div><\/div><\/section><section class=\"l-section wpb_row height_medium\" id=\"txtMd\"><div class=\"l-section-h i-cf\"><div class=\"g-cols vc_row type_default valign_top\"><div class=\"vc_col-sm-12 wpb_column vc_column_container\"><div class=\"vc_column-inner\"><div class=\"wpb_wrapper\"><div class=\"wpb_text_column txtMd bgMd\" ><div class=\"wpb_wrapper\"><p class=\"vc_custom_heading\" style=\"text-align: center;\">El espacio, las instalaciones y el equipo de Sant Pere de Clar\u00e0, con una experiencia consolidada desde hace a\u00f1os, son la mejor garant\u00eda para realizar con \u00e9xito vuestra boda, reuni\u00f3n o celebraci\u00f3n. No dud\u00e9is en consultarnos cualquier duda, estaremos encantados de responderos.<\/p>\n<\/div><\/div><div class=\"w-btn-wrapper width_auto align_center\"><a class=\"w-btn us-btn-style_1 btnMd\" title=\"Contacto\" href=\"https:\/\/santperedeclara.cat\/es\/contacto\/\"><span class=\"w-btn-label\">CONTACTAR<\/span><\/a><\/div><div class=\"wpb_text_column\" ><div class=\"wpb_wrapper\"><h2 style=\"text-align: center;\">QU\u00c9 POD\u00c9IS HACER EN SANT PERE DE CLAR\u00c0?<\/h2>\n<\/div><\/div><div class=\"w-separator size_small with_line width_30 thick_1 style_solid color_primary align_center\"><div class=\"w-separator-h\"><\/div><\/div><div class=\"wpb_text_column txtMd\" ><div class=\"wpb_wrapper\"><p class=\"vc_custom_heading\" style=\"text-align: center;\">Sant Pere de Clar\u00e0 ofrece en un mismo espacio un magn\u00edfico entorno natural, una mas\u00eda con equipamientos adiacentes y una capilla consagrada. A Sant Pere de Clar\u00e0 encontrar\u00e9is todo lo necesario para cualquier tipo de celebraci\u00f3n en grupo y para bodas religiosas o ceremonias civiles, en un espacio singular, memorable y con personalidad.<\/p>\n<\/div><\/div><\/div><\/div><\/div><\/div><\/div><\/section><section class=\"l-section wpb_row height_auto width_full dbInfo\"><div class=\"l-section-h i-cf\"><div class=\"g-cols vc_row type_default valign_middle\"><div class=\"vc_col-sm-6 wpb_column vc_column_container\"><div class=\"vc_column-inner\"><div class=\"wpb_wrapper\"><div class=\"w-image align_none\"><div class=\"w-image-h\"><img width=\"600\" height=\"400\" src=\"https:\/\/santperedeclara.cat\/wp-content\/uploads\/2020\/12\/Trobada_Gent_3.jpg\" class=\"attachment-full size-full\" alt=\"\" loading=\"lazy\" srcset=\"https:\/\/santperedeclara.cat\/wp-content\/uploads\/2020\/12\/Trobada_Gent_3.jpg 600w, https:\/\/santperedeclara.cat\/wp-content\/uploads\/2020\/12\/Trobada_Gent_3-300x200.jpg 300w\" sizes=\"(max-width: 600px) 100vw, 600px\" \/><\/div><\/div><\/div><\/div><\/div><div class=\"vc_col-sm-6 wpb_column vc_column_container\"><div class=\"vc_column-inner\"><div class=\"wpb_wrapper\"><div class=\"wpb_text_column\" ><div class=\"wpb_wrapper\"><h2 style=\"text-align: center;\">CELEBRACIONES DE BODA O REUNIONES EN GRUPO<\/h2>\n<\/div><\/div><div class=\"w-separator size_small with_line width_30 thick_1 style_solid color_primary align_center\"><div class=\"w-separator-h\"><\/div><\/div><div class=\"wpb_text_column txtMd\" ><div class=\"wpb_wrapper\"><p style=\"text-align: center;\">La finca y mas\u00eda de Sant Pere de Clar\u00e0 dispone de diferentes espacios para organizar todo tipo de celebraciones, aniversarios y reuniones, con la ventaja de estar en el centro del Maresme, muy cerca de Barcelona. El equipo de Sant Pere de Clar\u00e0 os puede recomendar o ayudar a dise\u00f1ar y a organizar el tipo de celebraci\u00f3n que m\u00e1s os guste.<\/p>\n<\/div><\/div><\/div><\/div><\/div><\/div><\/div><\/section><!-- Row Backgrounds --><div class=\"upb_color\" data-bg-override=\"0\" data-bg-color=\"#d9d9d9\" data-fadeout=\"\" data-fadeout-percentage=\"30\" data-parallax-content=\"\" data-parallax-content-sense=\"30\" data-row-effect-mobile-disable=\"true\" data-img-parallax-mobile-disable=\"true\" data-rtl=\"false\"  data-custom-vc-row=\"\"  data-vc=\"6.4.2\"  data-is_old_vc=\"\"  data-theme-support=\"\"   data-overlay=\"false\" data-overlay-color=\"\" data-overlay-pattern=\"\" data-overlay-pattern-opacity=\"\" data-overlay-pattern-size=\"\"    ><\/div><section class=\"l-section wpb_row height_auto width_full dbInfo\"><div class=\"l-section-h i-cf\"><div class=\"g-cols vc_row type_default valign_middle\"><div class=\"vc_col-sm-6 wpb_column vc_column_container\"><div class=\"vc_column-inner\"><div class=\"wpb_wrapper\"><div class=\"wpb_text_column\" ><div class=\"wpb_wrapper\"><h2 style=\"text-align: center;\">BODAS Y CEREMONIAS RELIGIOSAS Y CIVILES<\/h2>\n<\/div><\/div><div class=\"w-separator size_small with_line width_30 thick_1 style_solid color_primary align_center\"><div class=\"w-separator-h\"><\/div><\/div><div class=\"wpb_text_column txtMd\" ><div class=\"wpb_wrapper\"><p style=\"text-align: center;\">Si est\u00e1is buscando un espacio singular para celebrar vuestra boda en el Maresme, o cerca de Barcelona, Sant Pere de Clar\u00e0 es la mejor opci\u00f3n. En nuestra finca encontrar\u00e1s una mas\u00eda monumental, una capilla rom\u00e1nica apta para celebrar bodas cat\u00f3licas, espacios exteriores para celebrar ceremonias civiles, una gran carpa en un marco incomparable y en un entorno natural de gran belleza.<\/p>\n<\/div><\/div><\/div><\/div><\/div><div class=\"vc_col-sm-6 wpb_column vc_column_container\"><div class=\"vc_column-inner\"><div class=\"wpb_wrapper\"><div class=\"w-image align_none\"><div class=\"w-image-h\"><img width=\"600\" height=\"400\" src=\"https:\/\/santperedeclara.cat\/wp-content\/uploads\/2020\/12\/casament_religios_civil.jpg\" class=\"attachment-full size-full\" alt=\"\" loading=\"lazy\" srcset=\"https:\/\/santperedeclara.cat\/wp-content\/uploads\/2020\/12\/casament_religios_civil.jpg 600w, https:\/\/santperedeclara.cat\/wp-content\/uploads\/2020\/12\/casament_religios_civil-300x200.jpg 300w\" sizes=\"(max-width: 600px) 100vw, 600px\" \/><\/div><\/div><\/div><\/div><\/div><\/div><\/div><\/section><!-- Row Backgrounds --><div class=\"upb_color\" data-bg-override=\"0\" data-bg-color=\"#d9d9d9\" data-fadeout=\"\" data-fadeout-percentage=\"30\" data-parallax-content=\"\" data-parallax-content-sense=\"30\" data-row-effect-mobile-disable=\"true\" data-img-parallax-mobile-disable=\"true\" data-rtl=\"false\"  data-custom-vc-row=\"\"  data-vc=\"6.4.2\"  data-is_old_vc=\"\"  data-theme-support=\"\"   data-overlay=\"false\" data-overlay-color=\"\" data-overlay-pattern=\"\" data-overlay-pattern-opacity=\"\" data-overlay-pattern-size=\"\"    ><\/div><section class=\"l-section wpb_row height_auto width_full dbInfo\"><div class=\"l-section-h i-cf\"><div class=\"g-cols vc_row type_default valign_middle\"><div class=\"vc_col-sm-6 wpb_column vc_column_container\"><div class=\"vc_column-inner\"><div class=\"wpb_wrapper\"><div class=\"w-image align_none\"><div class=\"w-image-h\"><img width=\"1000\" height=\"667\" src=\"https:\/\/santperedeclara.cat\/wp-content\/uploads\/2020\/12\/Trobades_Empresa.jpg\" class=\"attachment-full size-full\" alt=\"\" loading=\"lazy\" srcset=\"https:\/\/santperedeclara.cat\/wp-content\/uploads\/2020\/12\/Trobades_Empresa.jpg 1000w, https:\/\/santperedeclara.cat\/wp-content\/uploads\/2020\/12\/Trobades_Empresa-300x200.jpg 300w\" sizes=\"(max-width: 1000px) 100vw, 1000px\" \/><\/div><\/div><\/div><\/div><\/div><div class=\"vc_col-sm-6 wpb_column vc_column_container\"><div class=\"vc_column-inner\"><div class=\"wpb_wrapper\"><div class=\"wpb_text_column\" ><div class=\"wpb_wrapper\"><h2 style=\"text-align: center;\">REUNIONES DE EMPRESA EN UN ESPACIO RELAJADO Y SIN INTERRUPCIONES<\/h2>\n<\/div><\/div><div class=\"w-separator size_small with_line width_30 thick_1 style_solid color_primary align_center\"><div class=\"w-separator-h\"><\/div><\/div><div class=\"wpb_text_column txtMd\" ><div class=\"wpb_wrapper\"><p style=\"text-align: center;\">Sant Pere de Clar\u00e0 tambi\u00e9n es un espacio ideal para reuniones de empresa. Sus diferentes espacios ofrecen la oportunidad de preparar sesiones de trabajo o presentaciones en grupo. El entorno natural tambi\u00e9n brinda la posibilidad de hacer jornadas de \u2018team building\u2019 y ejercicios de din\u00e1micas de grupo, reuniones creativas, de reflexi\u00f3n\u2026<\/p>\n<\/div><\/div><\/div><\/div><\/div><\/div><\/div><\/section><!-- Row Backgrounds --><div class=\"upb_color\" data-bg-override=\"0\" data-bg-color=\"#d9d9d9\" data-fadeout=\"\" data-fadeout-percentage=\"30\" data-parallax-content=\"\" data-parallax-content-sense=\"30\" data-row-effect-mobile-disable=\"true\" data-img-parallax-mobile-disable=\"true\" data-rtl=\"false\"  data-custom-vc-row=\"\"  data-vc=\"6.4.2\"  data-is_old_vc=\"\"  data-theme-support=\"\"   data-overlay=\"false\" data-overlay-color=\"\" data-overlay-pattern=\"\" data-overlay-pattern-opacity=\"\" data-overlay-pattern-size=\"\"    ><\/div>\n","protected":false},"excerpt":{"rendered":"QU\u00c9 OS OFRECEMOS EN LA MAS\u00cdA DE SANT PERE DE CLAR\u00c0? El equipo de Sant Pere de Clar\u00e0 trabaja para mantener la finca con todo su encanto y cederos la mas\u00eda y sus equipamientos en exclusiva, para que prepar\u00e9is vuestra boda o celebraci\u00f3n a vuestro gusto y disfrut\u00e9is de un d\u00eda inolvidable en un entorno...","protected":false},"author":1,"featured_media":0,"parent":0,"menu_order":0,"comment_status":"closed","ping_status":"closed","template":"","meta":[],"yoast_head":"<!-- This site is optimized with the Yoast SEO plugin v16.4 - https:\/\/yoast.com\/wordpress\/plugins\/seo\/ -->\n<title>Espacios - Sant Pere de Clar\u00e0<\/title>\n<meta name=\"robots\" content=\"index, follow, max-snippet:-1, max-image-preview:large, max-video-preview:-1\" \/>\n<link rel=\"canonical\" href=\"https:\/\/santperedeclara.cat\/es\/espacios-masia-capilla-boda-maresme-barcelona\/\" \/>\n<meta property=\"og:locale\" content=\"es_ES\" \/>\n<meta property=\"og:type\" content=\"article\" \/>\n<meta property=\"og:title\" content=\"Espacios - Sant Pere de Clar\u00e0\" \/>\n<meta property=\"og:url\" content=\"https:\/\/santperedeclara.cat\/es\/espacios-masia-capilla-boda-maresme-barcelona\/\" \/>\n<meta property=\"og:site_name\" content=\"Sant Pere de Clar\u00e0\" \/>\n<meta property=\"article:modified_time\" content=\"2020-12-13T18:59:16+00:00\" \/>\n<meta name=\"twitter:card\" content=\"summary_large_image\" \/>\n<meta name=\"twitter:label1\" content=\"Tiempo de lectura\" \/>\n\t<meta name=\"twitter:data1\" content=\"5 minutos\" \/>\n<script type=\"application\/ld+json\" class=\"yoast-schema-graph\">{\"@context\":\"https:\/\/schema.org\",\"@graph\":[{\"@type\":\"WebSite\",\"@id\":\"https:\/\/santperedeclara.cat\/#website\",\"url\":\"https:\/\/santperedeclara.cat\/\",\"name\":\"Sant Pere de Clar\\u00e0\",\"description\":\"Masia amb capella per a casaments al maresme\",\"potentialAction\":[{\"@type\":\"SearchAction\",\"target\":\"https:\/\/santperedeclara.cat\/?s={search_term_string}\",\"query-input\":\"required name=search_term_string\"}],\"inLanguage\":\"es\"},{\"@type\":\"WebPage\",\"@id\":\"https:\/\/santperedeclara.cat\/es\/espacios-masia-capilla-boda-maresme-barcelona\/#webpage\",\"url\":\"https:\/\/santperedeclara.cat\/es\/espacios-masia-capilla-boda-maresme-barcelona\/\",\"name\":\"Espacios - Sant Pere de Clar\\u00e0\",\"isPartOf\":{\"@id\":\"https:\/\/santperedeclara.cat\/#website\"},\"datePublished\":\"2020-12-13T16:32:01+00:00\",\"dateModified\":\"2020-12-13T18:59:16+00:00\",\"breadcrumb\":{\"@id\":\"https:\/\/santperedeclara.cat\/es\/espacios-masia-capilla-boda-maresme-barcelona\/#breadcrumb\"},\"inLanguage\":\"es\",\"potentialAction\":[{\"@type\":\"ReadAction\",\"target\":[\"https:\/\/santperedeclara.cat\/es\/espacios-masia-capilla-boda-maresme-barcelona\/\"]}]},{\"@type\":\"BreadcrumbList\",\"@id\":\"https:\/\/santperedeclara.cat\/es\/espacios-masia-capilla-boda-maresme-barcelona\/#breadcrumb\",\"itemListElement\":[{\"@type\":\"ListItem\",\"position\":1,\"item\":{\"@type\":\"WebPage\",\"@id\":\"https:\/\/santperedeclara.cat\/es\/\",\"url\":\"https:\/\/santperedeclara.cat\/es\/\",\"name\":\"Inici\"}},{\"@type\":\"ListItem\",\"position\":2,\"item\":{\"@id\":\"https:\/\/santperedeclara.cat\/es\/espacios-masia-capilla-boda-maresme-barcelona\/#webpage\"}}]}]}<\/script>\n<!-- \/ Yoast SEO plugin. -->","_links":{"self":[{"href":"https:\/\/santperedeclara.cat\/es\/wp-json\/wp\/v2\/pages\/323"}],"collection":[{"href":"https:\/\/santperedeclara.cat\/es\/wp-json\/wp\/v2\/pages"}],"about":[{"href":"https:\/\/santperedeclara.cat\/es\/wp-json\/wp\/v2\/types\/page"}],"author":[{"embeddable":true,"href":"https:\/\/santperedeclara.cat\/es\/wp-json\/wp\/v2\/users\/1"}],"replies":[{"embeddable":true,"href":"https:\/\/santperedeclara.cat\/es\/wp-json\/wp\/v2\/comments?post=323"}],"version-history":[{"count":6,"href":"https:\/\/santperedeclara.cat\/es\/wp-json\/wp\/v2\/pages\/323\/revisions"}],"predecessor-version":[{"id":627,"href":"https:\/\/santperedeclara.cat\/es\/wp-json\/wp\/v2\/pages\/323\/revisions\/627"}],"wp:attachment":[{"href":"https:\/\/santperedeclara.cat\/es\/wp-json\/wp\/v2\/media?parent=323"}],"curies":[{"name":"wp","href":"https:\/\/api.w.org\/{rel}","templated":true}]}}