{"id":484,"date":"2020-12-13T17:35:06","date_gmt":"2020-12-13T17:35:06","guid":{"rendered":"https:\/\/santperedeclara.cat\/?page_id=484"},"modified":"2020-12-13T17:38:08","modified_gmt":"2020-12-13T17:38:08","slug":"history-chapel-farmhouse-sant-pere-de-clara","status":"publish","type":"page","link":"https:\/\/santperedeclara.cat\/en\/history-chapel-farmhouse-sant-pere-de-clara\/","title":{"rendered":"History"},"content":{"rendered":"<section class=\"l-section wpb_row height_medium\" id=\"introTxt\"><div class=\"l-section-h i-cf\"><div class=\"g-cols vc_row type_default valign_top\"><div class=\"vc_col-sm-12 wpb_column vc_column_container\"><div class=\"vc_column-inner\"><div class=\"wpb_wrapper\"><div class=\"wpb_text_column\" ><div class=\"wpb_wrapper\"><h1 class=\"vc_custom_heading\" style=\"text-align: center;\">The history of the farm house and chapel at Sant Pere de Clar\u00e0<\/h1>\n<\/div><\/div><\/div><\/div><\/div><\/div><\/div><\/section><section class=\"l-section wpb_row height_auto hstMd\"><div class=\"l-section-h i-cf\"><div class=\"g-cols vc_row type_default valign_middle\"><div class=\"vc_col-sm-4 wpb_column vc_column_container\"><div class=\"vc_column-inner\"><div class=\"wpb_wrapper\"><div class=\"w-image align_none\"><div class=\"w-image-h\"><img width=\"800\" height=\"850\" src=\"https:\/\/santperedeclara.cat\/wp-content\/uploads\/2020\/12\/Capella_Cenobi.jpg\" class=\"attachment-full size-full\" alt=\"\" loading=\"lazy\" srcset=\"https:\/\/santperedeclara.cat\/wp-content\/uploads\/2020\/12\/Capella_Cenobi.jpg 800w, https:\/\/santperedeclara.cat\/wp-content\/uploads\/2020\/12\/Capella_Cenobi-282x300.jpg 282w\" sizes=\"(max-width: 800px) 100vw, 800px\" \/><\/div><\/div><\/div><\/div><\/div><div class=\"vc_col-sm-8 wpb_column vc_column_container\"><div class=\"vc_column-inner\"><div class=\"wpb_wrapper\"><div class=\"wpb_text_column\" ><div class=\"wpb_wrapper\"><h3 style=\"text-align: left;\">A THOUSAND YEARS OF HISTORY<\/h3>\n<\/div><\/div><div class=\"wpb_text_column\" ><div class=\"wpb_wrapper\"><h2 style=\"text-align: left;\">THE ORIGINS OF THE CHAPEL<\/h2>\n<\/div><\/div><div class=\"w-separator size_small with_line width_30 thick_1 style_solid color_primary align_center\"><div class=\"w-separator-h\"><\/div><\/div><div class=\"wpb_text_column txtMd\" ><div class=\"wpb_wrapper\"><p style=\"text-align: left;\">The chapel of St. Pere de Clar\u00e0 marks the beginning of this former estate. The experts say that there could be from Century IX or X, although the oldest document ever found is from the year 1002 when the church was part of a priory depending of the Benedictine Monks of St. Cugat del Vall\u00e8s.\u00a0From 1196 the priory, along with Sant Pon\u00e7 of Corbera, will depend of Sant Pere de Casserres. These three monasteries were the only ones in our country of the Order of Cluny, widespread in France.\u00a0The fifteenth century priory becomes a sinecure in the hands of a commissioned of the prior. Finally in 1592 Pope Clement VIII abolishes the Priory of Clar\u00e0.<\/p>\n<\/div><\/div><\/div><\/div><\/div><\/div><\/div><\/section><section class=\"l-section wpb_row height_auto hstMd\"><div class=\"l-section-h i-cf\"><div class=\"g-cols vc_row type_default valign_middle\"><div class=\"vc_col-sm-4 wpb_column vc_column_container\"><div class=\"vc_column-inner\"><div class=\"wpb_wrapper\"><div class=\"w-image align_none\"><div class=\"w-image-h\"><img width=\"800\" height=\"850\" src=\"https:\/\/santperedeclara.cat\/wp-content\/uploads\/2020\/12\/Font_Sant_Pere.jpg\" class=\"attachment-full size-full\" alt=\"\" loading=\"lazy\" srcset=\"https:\/\/santperedeclara.cat\/wp-content\/uploads\/2020\/12\/Font_Sant_Pere.jpg 800w, https:\/\/santperedeclara.cat\/wp-content\/uploads\/2020\/12\/Font_Sant_Pere-282x300.jpg 282w\" sizes=\"(max-width: 800px) 100vw, 800px\" \/><\/div><\/div><\/div><\/div><\/div><div class=\"vc_col-sm-8 wpb_column vc_column_container\"><div class=\"vc_column-inner\"><div class=\"wpb_wrapper\"><div class=\"wpb_text_column\" ><div class=\"wpb_wrapper\"><h3 style=\"text-align: left;\">A POWERFUL FARM AND MIRACULOUS FOUNTAIN<\/h3>\n<\/div><\/div><div class=\"wpb_text_column\" ><div class=\"wpb_wrapper\"><h2 style=\"text-align: left;\">THE ORIGINS OF THE FARMHOUSE<\/h2>\n<\/div><\/div><div class=\"w-separator size_small with_line width_30 thick_1 style_solid color_primary align_center\"><div class=\"w-separator-h\"><\/div><\/div><div class=\"wpb_text_column txtMd\" ><div class=\"wpb_wrapper\"><p style=\"text-align: left;\">The actual house of St. Pere de Clar\u00e0 is a XVII century building that replaced the monastic priory of St. Peter Clar\u00e0. It was leased to the Marc family, who later became its owner, keeping the original name and exploiting it with drive and vitality for over three centuries.\u00a0The waters of the estate had been famous for its kindness; moreover people attributed them healing powers. Not long ago they were still bottled and distributed under the name Water of Clar\u00e0.<\/p>\n<\/div><\/div><\/div><\/div><\/div><\/div><\/div><\/section><section class=\"l-section wpb_row height_auto hstMd\"><div class=\"l-section-h i-cf\"><div class=\"g-cols vc_row type_default valign_middle\"><div class=\"vc_col-sm-4 wpb_column vc_column_container\"><div class=\"vc_column-inner\"><div class=\"wpb_wrapper\"><div class=\"w-image align_none\"><div class=\"w-image-h\"><img width=\"800\" height=\"850\" src=\"https:\/\/santperedeclara.cat\/wp-content\/uploads\/2020\/12\/Restauracio_Masia.jpg\" class=\"attachment-full size-full\" alt=\"\" loading=\"lazy\" srcset=\"https:\/\/santperedeclara.cat\/wp-content\/uploads\/2020\/12\/Restauracio_Masia.jpg 800w, https:\/\/santperedeclara.cat\/wp-content\/uploads\/2020\/12\/Restauracio_Masia-282x300.jpg 282w\" sizes=\"(max-width: 800px) 100vw, 800px\" \/><\/div><\/div><\/div><\/div><\/div><div class=\"vc_col-sm-8 wpb_column vc_column_container\"><div class=\"vc_column-inner\"><div class=\"wpb_wrapper\"><div class=\"wpb_text_column\" ><div class=\"wpb_wrapper\"><h3 style=\"text-align: left;\">FROM FARMHOUSE TO SUMMER HOUSE<\/h3>\n<\/div><\/div><div class=\"wpb_text_column\" ><div class=\"wpb_wrapper\"><h2 style=\"text-align: left;\">THE MODERNIST RESTORATION<\/h2>\n<\/div><\/div><div class=\"w-separator size_small with_line width_30 thick_1 style_solid color_primary align_center\"><div class=\"w-separator-h\"><\/div><\/div><div class=\"wpb_text_column txtMd\" ><div class=\"wpb_wrapper\"><p style=\"text-align: left;\">In 1920, Jaume Figueras, the grandfather of the current owners, bought the property and entrusted the restoration of the house and the chapel to the architect Joan Rubio, Gaud\u00ed\u2019s disciple and collaborator in the construction of the Sagrada Familia, Casa Batll\u00f3 and Park G\u00fcell. Joan Rubio was the author also of the \u201cFrare Blanc\u201d building on Avenida del Tibidabo, The Casa Golferichs at Gran Via street or the Bridge on the Bisbe street (on the right side of Generalitat\u2019s Building) among others.\u00a0The passion of Joan Rubi\u00f3 for archaeology and landscaping turned the project of restoration of the house and the chapel into a masterpiece, both for the interior and exterior architecture of the buildings and the gardens of the farm, creating a magical, harmonious whole.<\/p>\n<\/div><\/div><\/div><\/div><\/div><\/div><\/div><\/section><section class=\"l-section wpb_row height_auto hstMd\"><div class=\"l-section-h i-cf\"><div class=\"g-cols vc_row type_default valign_middle\"><div class=\"vc_col-sm-4 wpb_column vc_column_container\"><div class=\"vc_column-inner\"><div class=\"wpb_wrapper\"><div class=\"w-image align_none\"><div class=\"w-image-h\"><img width=\"800\" height=\"850\" src=\"https:\/\/santperedeclara.cat\/wp-content\/uploads\/2020\/12\/Capella_Consagrada.jpg\" class=\"attachment-full size-full\" alt=\"\" loading=\"lazy\" srcset=\"https:\/\/santperedeclara.cat\/wp-content\/uploads\/2020\/12\/Capella_Consagrada.jpg 800w, https:\/\/santperedeclara.cat\/wp-content\/uploads\/2020\/12\/Capella_Consagrada-282x300.jpg 282w\" sizes=\"(max-width: 800px) 100vw, 800px\" \/><\/div><\/div><\/div><\/div><\/div><div class=\"vc_col-sm-8 wpb_column vc_column_container\"><div class=\"vc_column-inner\"><div class=\"wpb_wrapper\"><div class=\"wpb_text_column\" ><div class=\"wpb_wrapper\"><h3 style=\"text-align: left;\">FROM BARN TO CONSECRATED CHAPEL SUITABLE FOR WORSHIP<\/h3>\n<\/div><\/div><div class=\"wpb_text_column\" ><div class=\"wpb_wrapper\"><h2 style=\"text-align: left;\">RECOVERING OF THE CHAPEL<\/h2>\n<\/div><\/div><div class=\"w-separator size_small with_line width_30 thick_1 style_solid color_primary align_center\"><div class=\"w-separator-h\"><\/div><\/div><div class=\"wpb_text_column txtMd\" ><div class=\"wpb_wrapper\"><p style=\"text-align: left;\">When Jaume Figueras bought the estate, the chapel was used as corral, the altar\u2019s slab was laying on the floor, and no one knew how it had to be placed. An old pastor said he had seen the slab perched on a cylindrical pillar that at that time served as a guard-protected wheeled corner of the house.\u00a0This piece was found matching the altar but the priest should place behind it during the mass, facing the parishioners, something unprecedented in the country. Rome was consulted about this issue, and did authorize this provision. So St. Pere de Clar\u00e0 became the first place in Catalonia where mass was celebrated facing the people. So in 1925 the chapel was consecrated again in a Mass, celebrated by the Cardinal Dr. Vidal i Barraquer.<\/p>\n<\/div><\/div><\/div><\/div><\/div><\/div><\/div><\/section><section class=\"l-section wpb_row height_auto hstMd\"><div class=\"l-section-h i-cf\"><div class=\"g-cols vc_row type_default valign_middle\"><div class=\"vc_col-sm-4 wpb_column vc_column_container\"><div class=\"vc_column-inner\"><div class=\"wpb_wrapper\"><div class=\"w-image align_none\"><div class=\"w-image-h\"><img width=\"444\" height=\"472\" src=\"https:\/\/santperedeclara.cat\/wp-content\/uploads\/2020\/12\/Facana_Esglesia_Argentona2.jpg\" class=\"attachment-full size-full\" alt=\"\" loading=\"lazy\" srcset=\"https:\/\/santperedeclara.cat\/wp-content\/uploads\/2020\/12\/Facana_Esglesia_Argentona2.jpg 444w, https:\/\/santperedeclara.cat\/wp-content\/uploads\/2020\/12\/Facana_Esglesia_Argentona2-282x300.jpg 282w\" sizes=\"(max-width: 444px) 100vw, 444px\" \/><\/div><\/div><\/div><\/div><\/div><div class=\"vc_col-sm-8 wpb_column vc_column_container\"><div class=\"vc_column-inner\"><div class=\"wpb_wrapper\"><div class=\"wpb_text_column\" ><div class=\"wpb_wrapper\"><h3 style=\"text-align: left;\">BEYOND THE FARM HOUSE<\/h3>\n<\/div><\/div><div class=\"wpb_text_column\" ><div class=\"wpb_wrapper\"><h2 style=\"text-align: left;\">THE TOMBS OF THE CHURCH OF ARGENTONA<\/h2>\n<\/div><\/div><div class=\"w-separator size_small with_line width_30 thick_1 style_solid color_primary align_center\"><div class=\"w-separator-h\"><\/div><\/div><div class=\"wpb_text_column txtMd\" ><div class=\"wpb_wrapper\"><p style=\"text-align: left;\">A curious aspect to note is the presence of noble tombs in the Chapel of St. Pere de Clar\u00e0. Some of these tombs today can no longer be seen at the chapel, as they were transferred to decorate the facade of the church of Argentona. The person responsible for this relocation was the great architect Josep Puig i Cadafalch, who knew the existence of the chapel and its ancient history.\u00a0The presence of noble tombs is due to the fact that St. Pere de Clar\u00e0 was used as a burial site for various noble families of the Maresme. While it was Benedictine priory, Sant Pere de Clar\u00e0 had this function for the lineage of Sant Vicen\u00e7, lords of the castles of Vilassar and Burriac (Cabrera).<\/p>\n<\/div><\/div><\/div><\/div><\/div><\/div><\/div><\/section><section class=\"l-section wpb_row height_medium\"><div class=\"l-section-h i-cf\"><div class=\"g-cols vc_row type_default valign_top\"><div class=\"vc_col-sm-12 wpb_column vc_column_container\"><div class=\"vc_column-inner\"><div class=\"wpb_wrapper\"><div class=\"w-separator size_small\"><\/div><\/div><\/div><\/div><\/div><\/div><\/section>\n","protected":false},"excerpt":{"rendered":"The history of the farm house and chapel at Sant Pere de Clar\u00e0 A THOUSAND YEARS OF HISTORY THE ORIGINS OF THE CHAPEL The chapel of St. Pere de Clar\u00e0 marks the beginning of this former estate. The experts say that there could be from Century IX or X, although the oldest document ever found...","protected":false},"author":1,"featured_media":0,"parent":0,"menu_order":0,"comment_status":"closed","ping_status":"closed","template":"","meta":[],"yoast_head":"<!-- This site is optimized with the Yoast SEO plugin v16.4 - https:\/\/yoast.com\/wordpress\/plugins\/seo\/ -->\n<title>History - Sant Pere de Clar\u00e0<\/title>\n<meta name=\"robots\" content=\"index, follow, max-snippet:-1, max-image-preview:large, max-video-preview:-1\" \/>\n<link rel=\"canonical\" href=\"https:\/\/santperedeclara.cat\/en\/history-chapel-farmhouse-sant-pere-de-clara\/\" \/>\n<meta property=\"og:locale\" content=\"en_US\" \/>\n<meta property=\"og:type\" content=\"article\" \/>\n<meta property=\"og:title\" content=\"History - Sant Pere de Clar\u00e0\" \/>\n<meta property=\"og:url\" content=\"https:\/\/santperedeclara.cat\/en\/history-chapel-farmhouse-sant-pere-de-clara\/\" \/>\n<meta property=\"og:site_name\" content=\"Sant Pere de Clar\u00e0\" \/>\n<meta property=\"article:modified_time\" content=\"2020-12-13T17:38:08+00:00\" \/>\n<meta name=\"twitter:card\" content=\"summary_large_image\" \/>\n<meta name=\"twitter:label1\" content=\"Est. reading time\" \/>\n\t<meta name=\"twitter:data1\" content=\"5 minutes\" \/>\n<script type=\"application\/ld+json\" class=\"yoast-schema-graph\">{\"@context\":\"https:\/\/schema.org\",\"@graph\":[{\"@type\":\"WebSite\",\"@id\":\"https:\/\/santperedeclara.cat\/#website\",\"url\":\"https:\/\/santperedeclara.cat\/\",\"name\":\"Sant Pere de Clar\\u00e0\",\"description\":\"Masia amb capella per a casaments al maresme\",\"potentialAction\":[{\"@type\":\"SearchAction\",\"target\":\"https:\/\/santperedeclara.cat\/?s={search_term_string}\",\"query-input\":\"required name=search_term_string\"}],\"inLanguage\":\"en-US\"},{\"@type\":\"WebPage\",\"@id\":\"https:\/\/santperedeclara.cat\/en\/history-chapel-farmhouse-sant-pere-de-clara\/#webpage\",\"url\":\"https:\/\/santperedeclara.cat\/en\/history-chapel-farmhouse-sant-pere-de-clara\/\",\"name\":\"History - Sant Pere de Clar\\u00e0\",\"isPartOf\":{\"@id\":\"https:\/\/santperedeclara.cat\/#website\"},\"datePublished\":\"2020-12-13T17:35:06+00:00\",\"dateModified\":\"2020-12-13T17:38:08+00:00\",\"breadcrumb\":{\"@id\":\"https:\/\/santperedeclara.cat\/en\/history-chapel-farmhouse-sant-pere-de-clara\/#breadcrumb\"},\"inLanguage\":\"en-US\",\"potentialAction\":[{\"@type\":\"ReadAction\",\"target\":[\"https:\/\/santperedeclara.cat\/en\/history-chapel-farmhouse-sant-pere-de-clara\/\"]}]},{\"@type\":\"BreadcrumbList\",\"@id\":\"https:\/\/santperedeclara.cat\/en\/history-chapel-farmhouse-sant-pere-de-clara\/#breadcrumb\",\"itemListElement\":[{\"@type\":\"ListItem\",\"position\":1,\"item\":{\"@type\":\"WebPage\",\"@id\":\"https:\/\/santperedeclara.cat\/en\/\",\"url\":\"https:\/\/santperedeclara.cat\/en\/\",\"name\":\"Inici\"}},{\"@type\":\"ListItem\",\"position\":2,\"item\":{\"@id\":\"https:\/\/santperedeclara.cat\/en\/history-chapel-farmhouse-sant-pere-de-clara\/#webpage\"}}]}]}<\/script>\n<!-- \/ Yoast SEO plugin. -->","_links":{"self":[{"href":"https:\/\/santperedeclara.cat\/en\/wp-json\/wp\/v2\/pages\/484"}],"collection":[{"href":"https:\/\/santperedeclara.cat\/en\/wp-json\/wp\/v2\/pages"}],"about":[{"href":"https:\/\/santperedeclara.cat\/en\/wp-json\/wp\/v2\/types\/page"}],"author":[{"embeddable":true,"href":"https:\/\/santperedeclara.cat\/en\/wp-json\/wp\/v2\/users\/1"}],"replies":[{"embeddable":true,"href":"https:\/\/santperedeclara.cat\/en\/wp-json\/wp\/v2\/comments?post=484"}],"version-history":[{"count":3,"href":"https:\/\/santperedeclara.cat\/en\/wp-json\/wp\/v2\/pages\/484\/revisions"}],"predecessor-version":[{"id":487,"href":"https:\/\/santperedeclara.cat\/en\/wp-json\/wp\/v2\/pages\/484\/revisions\/487"}],"wp:attachment":[{"href":"https:\/\/santperedeclara.cat\/en\/wp-json\/wp\/v2\/media?parent=484"}],"curies":[{"name":"wp","href":"https:\/\/api.w.org\/{rel}","templated":true}]}}