{"id":479,"date":"2020-12-13T17:31:25","date_gmt":"2020-12-13T17:31:25","guid":{"rendered":"https:\/\/santperedeclara.cat\/?page_id=479"},"modified":"2022-06-30T15:13:22","modified_gmt":"2022-06-30T15:13:22","slug":"contact","status":"publish","type":"page","link":"https:\/\/santperedeclara.cat\/en\/contact\/","title":{"rendered":"Contact"},"content":{"rendered":"<section class=\"l-section wpb_row height_auto width_full\" id=\"mapMd\"><div class=\"l-section-h i-cf\"><div class=\"g-cols vc_row type_default valign_top\"><div class=\"vc_col-sm-12 wpb_column vc_column_container\"><div class=\"vc_column-inner\"><div class=\"wpb_wrapper\"><div class=\"w-image align_none\"><a target=\"_blank\" href=\"https:\/\/www.google.es\/maps\/dir\/\/41.5597778,2.36925\/@41.5590209,2.3652561,15.22z\/data=!4m2!4m1!3e0?hl=es\" rel=\"noopener\" aria-label=\"Link\" class=\"w-image-h\"><img width=\"2560\" height=\"936\" src=\"https:\/\/santperedeclara.cat\/wp-content\/uploads\/2022\/06\/Mapa2-scaled.jpg\" class=\"attachment-full size-full\" alt=\"\" loading=\"lazy\" srcset=\"https:\/\/santperedeclara.cat\/wp-content\/uploads\/2022\/06\/Mapa2-scaled.jpg 2560w, https:\/\/santperedeclara.cat\/wp-content\/uploads\/2022\/06\/Mapa2-300x110.jpg 300w, https:\/\/santperedeclara.cat\/wp-content\/uploads\/2022\/06\/Mapa2-1024x374.jpg 1024w\" sizes=\"(max-width: 2560px) 100vw, 2560px\" \/><\/a><\/div><\/div><\/div><\/div><\/div><\/div><\/section><section class=\"l-section wpb_row height_medium\" id=\"cntctMd\"><div class=\"l-section-h i-cf\"><div class=\"g-cols vc_row type_default valign_top\"><div class=\"vc_col-sm-8 wpb_column vc_column_container\"><div class=\"vc_column-inner\"><div class=\"wpb_wrapper\"><div role=\"form\" class=\"wpcf7\" id=\"wpcf7-f4786-o1\" lang=\"ca\" dir=\"ltr\">\n<div class=\"screen-reader-response\"><p role=\"status\" aria-live=\"polite\" aria-atomic=\"true\"><\/p> <ul><\/ul><\/div>\n<form action=\"\/en\/wp-json\/wp\/v2\/pages\/479#wpcf7-f4786-o1\" method=\"post\" class=\"wpcf7-form init\" novalidate=\"novalidate\" data-status=\"init\">\n<div style=\"display: none;\">\n<input type=\"hidden\" name=\"_wpcf7\" value=\"4786\" \/>\n<input type=\"hidden\" name=\"_wpcf7_version\" value=\"5.4.1\" \/>\n<input type=\"hidden\" name=\"_wpcf7_locale\" value=\"ca\" \/>\n<input type=\"hidden\" name=\"_wpcf7_unit_tag\" value=\"wpcf7-f4786-o1\" \/>\n<input type=\"hidden\" name=\"_wpcf7_container_post\" value=\"0\" \/>\n<input type=\"hidden\" name=\"_wpcf7_posted_data_hash\" value=\"\" \/>\n<\/div>\n<p><label>Tu correo<span class=\"wpcf7-form-control-wrap email-22\"><input type=\"email\" name=\"email-22\" value=\"\" size=\"40\" class=\"wpcf7-form-control wpcf7-text wpcf7-email wpcf7-validates-as-required wpcf7-validates-as-email\" aria-required=\"true\" aria-invalid=\"false\" \/><\/span><\/label><\/p>\n<p><label>Nombre y apellido<span class=\"wpcf7-form-control-wrap text-2\"><input type=\"text\" name=\"text-2\" value=\"\" size=\"40\" class=\"wpcf7-form-control wpcf7-text wpcf7-validates-as-required\" aria-required=\"true\" aria-invalid=\"false\" \/><\/span><\/label><\/p>\n<p><label>Tel\u00e9fono<span class=\"wpcf7-form-control-wrap tel-17\"><input type=\"tel\" name=\"tel-17\" value=\"\" size=\"40\" class=\"wpcf7-form-control wpcf7-text wpcf7-tel wpcf7-validates-as-tel\" aria-invalid=\"false\" \/><\/span><\/label><\/p>\n<p><label>\u00bfC\u00f3mo nos conociste?<span class=\"wpcf7-form-control-wrap menu-837\"><select name=\"menu-837\" class=\"wpcf7-form-control wpcf7-select\" aria-invalid=\"false\"><option value=\"Facebook\">Facebook<\/option><option value=\"Instagram\">Instagram<\/option><option value=\"Google\">Google<\/option><option value=\"Bodas.net\">Bodas.net<\/option><option value=\"Zankyou\">Zankyou<\/option><option value=\"Per recomanaci\u00f3\">Per recomanaci\u00f3<\/option><\/select><\/span><\/label><\/p>\n<p><label>Tienes fecha pensada para la celebraci\u00f3n? Escr\u00edbela aqu\u00ed<span class=\"wpcf7-form-control-wrap text-801\"><input type=\"text\" name=\"text-801\" value=\"\" size=\"40\" class=\"wpcf7-form-control wpcf7-text\" aria-invalid=\"false\" \/><\/span><\/label><\/p>\n<p><label>Asunto<span class=\"wpcf7-form-control-wrap textarea-497\"><textarea name=\"textarea-497\" cols=\"40\" rows=\"10\" class=\"wpcf7-form-control wpcf7-textarea\" aria-invalid=\"false\"><\/textarea><\/span><\/label><\/p>\n<p><label>He le\u00eddo y acepto la pol\u00edtica de privacidad<span class=\"wpcf7-form-control-wrap acceptance-609\"><span class=\"wpcf7-form-control wpcf7-acceptance\"><span class=\"wpcf7-list-item\"><input type=\"checkbox\" name=\"acceptance-609\" value=\"1\" aria-invalid=\"false\" \/><\/span><\/span><\/span><\/label><\/p>\n<p><label>Quiero mandar<input type=\"submit\" value=\"Send\" class=\"wpcf7-form-control wpcf7-submit\" \/><\/label><\/p>\n<p><small>Tratamos la informaci\u00f3n que nos facilitas con el fin de comunicarnos, para ofrecerte nuestros servicios, informar de las novedades o realizar las tareas administrativas necesarias. Tus datos se conservar\u00e1n mientras se mantenga la relaci\u00f3n comercial o durante el tiempo necesario para cumplir con las obligaciones legales. Recuerda que tienes el derecho a saber si nuestra empresa est\u00e1 tratando tus datos personales as\u00ed como acceder a tus datos, rectificarlos o solicitar su eliminaci\u00f3n a info@santperedeclara.cat. Puedes leer nuestra <a href=\"\/politica-de-privacitat\" target=\"_blank\"> pol\u00edtica de privacidad<\/a>.<\/small><\/p>\n<div class=\"wpcf7-response-output\" aria-hidden=\"true\"><\/div><\/form><\/div><\/div><\/div><\/div><div class=\"vc_col-sm-4 wpb_column vc_column_container\"><div class=\"vc_column-inner\"><div class=\"wpb_wrapper\"><div class=\"wpb_text_column\" ><div class=\"wpb_wrapper\"><h6>CONTACT WITH US<\/h6>\n<p>MASIA DE SANT PERE DE CLAR\u00c0<br \/>\nRoad to \u00d2rrius (BV 5106) km7,8<br \/>\n08310 Argentona, Barcelona<br \/>\nTel: 628 722 131<br \/>\nGPS: 41\u00b033&#8217;35.2&#8243;N 2\u00b022&#8217;09.3&#8243;E<br \/>\nGoogle Maps: 41.559784811813294, 2.369262216544496<\/p>\n<\/div><\/div><div class=\"w-socials color_brand shape_square style_colored hover_fade\"><div class=\"w-socials-list\"><div class=\"w-socials-item facebook\"><a class=\"w-socials-item-link\" rel=\"noopener nofollow\" target=\"_blank\" href=\"http:\/\/www.facebook.com\/SantPereDeClara\" title=\"Facebook\" aria-label=\"Facebook\"><span class=\"w-socials-item-link-hover\"><\/span><\/a><div class=\"w-socials-item-popup\"><span>Facebook<\/span><\/div><\/div><div class=\"w-socials-item twitter\"><a class=\"w-socials-item-link\" rel=\"noopener nofollow\" target=\"_blank\" href=\"https:\/\/twitter.com\/santperedeclara\" title=\"Twitter\" aria-label=\"Twitter\"><span class=\"w-socials-item-link-hover\"><\/span><\/a><div class=\"w-socials-item-popup\"><span>Twitter<\/span><\/div><\/div><div class=\"w-socials-item pinterest\"><a class=\"w-socials-item-link\" rel=\"noopener nofollow\" target=\"_blank\" href=\"https:\/\/www.pinterest.es\/santperedeclara\/\" title=\"Pinterest\" aria-label=\"Pinterest\"><span class=\"w-socials-item-link-hover\"><\/span><\/a><div class=\"w-socials-item-popup\"><span>Pinterest<\/span><\/div><\/div><div class=\"w-socials-item instagram\"><a class=\"w-socials-item-link\" rel=\"noopener nofollow\" target=\"_blank\" href=\"https:\/\/www.instagram.com\/santperedeclara\/\" title=\"Instagram\" aria-label=\"Instagram\"><span class=\"w-socials-item-link-hover\"><\/span><\/a><div class=\"w-socials-item-popup\"><span>Instagram<\/span><\/div><\/div><\/div><\/div><\/div><\/div><\/div><\/div><\/div><\/section>\n","protected":false},"excerpt":{"rendered":"Tu correo Nombre y apellido Tel\u00e9fono \u00bfC\u00f3mo nos conociste?FacebookInstagramGoogleBodas.netZankyouPer recomanaci\u00f3 Tienes fecha pensada para la celebraci\u00f3n? Escr\u00edbela aqu\u00ed Asunto He le\u00eddo y acepto la pol\u00edtica de privacidad Quiero mandar Tratamos la informaci\u00f3n que nos facilitas con el fin de comunicarnos, para ofrecerte nuestros servicios, informar de las novedades o realizar las tareas administrativas necesarias. Tus...","protected":false},"author":1,"featured_media":0,"parent":0,"menu_order":0,"comment_status":"closed","ping_status":"closed","template":"","meta":[],"yoast_head":"<!-- This site is optimized with the Yoast SEO plugin v16.4 - https:\/\/yoast.com\/wordpress\/plugins\/seo\/ -->\n<title>Contact - Sant Pere de Clar\u00e0<\/title>\n<meta name=\"robots\" content=\"index, follow, max-snippet:-1, max-image-preview:large, max-video-preview:-1\" \/>\n<link rel=\"canonical\" href=\"https:\/\/santperedeclara.cat\/en\/contact\/\" \/>\n<meta property=\"og:locale\" content=\"en_US\" \/>\n<meta property=\"og:type\" content=\"article\" \/>\n<meta property=\"og:title\" content=\"Contact - Sant Pere de Clar\u00e0\" \/>\n<meta property=\"og:url\" content=\"https:\/\/santperedeclara.cat\/en\/contact\/\" \/>\n<meta property=\"og:site_name\" content=\"Sant Pere de Clar\u00e0\" \/>\n<meta property=\"article:modified_time\" content=\"2022-06-30T15:13:22+00:00\" \/>\n<meta name=\"twitter:card\" content=\"summary_large_image\" \/>\n<meta name=\"twitter:label1\" content=\"Est. reading time\" \/>\n\t<meta name=\"twitter:data1\" content=\"1 minute\" \/>\n<script type=\"application\/ld+json\" class=\"yoast-schema-graph\">{\"@context\":\"https:\/\/schema.org\",\"@graph\":[{\"@type\":\"WebSite\",\"@id\":\"https:\/\/santperedeclara.cat\/#website\",\"url\":\"https:\/\/santperedeclara.cat\/\",\"name\":\"Sant Pere de Clar\\u00e0\",\"description\":\"Masia amb capella per a casaments al maresme\",\"potentialAction\":[{\"@type\":\"SearchAction\",\"target\":\"https:\/\/santperedeclara.cat\/?s={search_term_string}\",\"query-input\":\"required name=search_term_string\"}],\"inLanguage\":\"en-US\"},{\"@type\":\"WebPage\",\"@id\":\"https:\/\/santperedeclara.cat\/en\/contact\/#webpage\",\"url\":\"https:\/\/santperedeclara.cat\/en\/contact\/\",\"name\":\"Contact - Sant Pere de Clar\\u00e0\",\"isPartOf\":{\"@id\":\"https:\/\/santperedeclara.cat\/#website\"},\"datePublished\":\"2020-12-13T17:31:25+00:00\",\"dateModified\":\"2022-06-30T15:13:22+00:00\",\"breadcrumb\":{\"@id\":\"https:\/\/santperedeclara.cat\/en\/contact\/#breadcrumb\"},\"inLanguage\":\"en-US\",\"potentialAction\":[{\"@type\":\"ReadAction\",\"target\":[\"https:\/\/santperedeclara.cat\/en\/contact\/\"]}]},{\"@type\":\"BreadcrumbList\",\"@id\":\"https:\/\/santperedeclara.cat\/en\/contact\/#breadcrumb\",\"itemListElement\":[{\"@type\":\"ListItem\",\"position\":1,\"item\":{\"@type\":\"WebPage\",\"@id\":\"https:\/\/santperedeclara.cat\/en\/\",\"url\":\"https:\/\/santperedeclara.cat\/en\/\",\"name\":\"Inici\"}},{\"@type\":\"ListItem\",\"position\":2,\"item\":{\"@id\":\"https:\/\/santperedeclara.cat\/en\/contact\/#webpage\"}}]}]}<\/script>\n<!-- \/ Yoast SEO plugin. -->","_links":{"self":[{"href":"https:\/\/santperedeclara.cat\/en\/wp-json\/wp\/v2\/pages\/479"}],"collection":[{"href":"https:\/\/santperedeclara.cat\/en\/wp-json\/wp\/v2\/pages"}],"about":[{"href":"https:\/\/santperedeclara.cat\/en\/wp-json\/wp\/v2\/types\/page"}],"author":[{"embeddable":true,"href":"https:\/\/santperedeclara.cat\/en\/wp-json\/wp\/v2\/users\/1"}],"replies":[{"embeddable":true,"href":"https:\/\/santperedeclara.cat\/en\/wp-json\/wp\/v2\/comments?post=479"}],"version-history":[{"count":9,"href":"https:\/\/santperedeclara.cat\/en\/wp-json\/wp\/v2\/pages\/479\/revisions"}],"predecessor-version":[{"id":4860,"href":"https:\/\/santperedeclara.cat\/en\/wp-json\/wp\/v2\/pages\/479\/revisions\/4860"}],"wp:attachment":[{"href":"https:\/\/santperedeclara.cat\/en\/wp-json\/wp\/v2\/media?parent=479"}],"curies":[{"name":"wp","href":"https:\/\/api.w.org\/{rel}","templated":true}]}}