{"id":431,"date":"2020-12-13T17:06:10","date_gmt":"2020-12-13T17:06:10","guid":{"rendered":"https:\/\/santperedeclara.cat\/?page_id=431"},"modified":"2020-12-13T17:06:10","modified_gmt":"2020-12-13T17:06:10","slug":"aviso-legal-y-politica-de-cookies","status":"publish","type":"page","link":"https:\/\/santperedeclara.cat\/en\/aviso-legal-y-politica-de-cookies\/","title":{"rendered":"Aviso legal y Pol\u00edtica de Cookies"},"content":{"rendered":"<section class=\"l-section wpb_row height_medium\"><div class=\"l-section-h i-cf\"><div class=\"g-cols vc_row type_default valign_top\"><div class=\"vc_col-sm-12 wpb_column vc_column_container\"><div class=\"vc_column-inner\"><div class=\"wpb_wrapper\">[vc_custom_heading text=&#8221;AVISO LEGAL&#8221; google_fonts=&#8221;font_family:Raleway%3A100%2C200%2C300%2Cregular%2C500%2C600%2C700%2C800%2C900|font_style:400%20regular%3A400%3Anormal&#8221;][vc_empty_space]<div class=\"wpb_text_column\" ><div class=\"wpb_wrapper\"><p><strong>TITULAR DE LA WEB Y DATOS DE CONTACTO<\/strong><\/p>\n<p>www.santperedeclara.cat: es un dominio en Internet titularidad de Sant Pere de Clar\u00e0\u00a0S.L. Con domicilio en Calle Manacor n\u00ba10, Barcelona, 08028.<\/p>\n<p>Usted puede contactar con el titular de la Web: Por correo electr\u00f3nico en info@santperedeclara.cat<\/p>\n<p><strong>POLITICA DE PRIVACIDAD Y PROTECCI\u00d3N DE DATOS<\/strong><\/p>\n<p><strong>Datos solicitados<\/strong><\/p>\n<p>Para acceder a algunos de los espacios de la Web de santperedeclara.cat, ser\u00e1 necesario facilitar determinados datos personales que ser\u00e1n tratados de forma automatizada. El responsable del fichero (santperedeclara.cat) se compromete a cumplir la obligaci\u00f3n de secreto respecto de los contenidos en el fichero.<\/p>\n<p><strong>Derecho de acceso<\/strong><\/p>\n<p>El titular de los datos de car\u00e1cter personal tendr\u00e1 derecho acceso, rectificaci\u00f3n cancelaci\u00f3n u oposici\u00f3n respecto a cuantos datos suyos existan almacenados en la base de datos de santperedeclara.cat . Dichos derechos podr\u00e1n ser ejercitados a trav\u00e9s de cualquier medio de comunicaci\u00f3n con santperedeclara.cat a trav\u00e9s de los datos de contacto expuestos en el encabezado de este documento, adjuntando fotocopia de DNI del titular de los datos.<\/p>\n<p><strong>Objetivos de la recogida de datos.<\/strong><\/p>\n<p>Cuando sea solicitada la cumplimentaci\u00f3n de un formulario en el que se recojan datos de car\u00e1cter personal, se informar\u00e1 al usuario de la finalidad del tratamiento, de la identidad y direcci\u00f3n del responsable del fichero, de los destinatarios de la informaci\u00f3n y de la posibilidad del titular de los datos de ejercer los derechos de acceso, rectificaci\u00f3n, cancelaci\u00f3n y oposici\u00f3n al tratamiento de sus datos.<\/p>\n<p>Al mismo tiempo, los usuarios autorizan expresamente a la empresa a enviarles informaci\u00f3n comercial v\u00eda electr\u00f3nica, respecto de novedades en el \u00e1mbito de los productos y servicios prestados por la misma; en el supuesto de que no deseen recibir la mencionada informaci\u00f3n bastar\u00e1 con notificarlo v\u00eda e-mail a info@santperedeclara.cat en cualquier momento.<\/p>\n<p><strong>Veracidad de los datos<\/strong><\/p>\n<p>El usuario deber\u00e1 rellenar los formularios con datos verdaderos, exactos, completos y actuales. En el caso de que el usuario introduzca datos correspondientes a otra persona, se entender\u00e1 que tiene consentimiento expreso para ello de esta persona, y que \u00e9sta nos otorga autorizaci\u00f3n para realizar el tratamiento descrito. El usuario ser\u00e1 el \u00fanico responsable de cualquier da\u00f1o o perjuicio, directo o indirecto que pudiera ocasionar a cualquier persona a causa de la cumplimentaci\u00f3n del formulario con datos falsos, inexactos, incompletos o no actualizados.<\/p>\n<p><strong>Medidas de seguridad<\/strong><\/p>\n<p>santperedeclara.cat y sus cesionarios han tomado todas las medidas legalmente requeridas para la protecci\u00f3n de datos personales; asimismo, han adoptado todos los dispositivos t\u00e9cnicos a su alcance para evitar la p\u00e9rdida, el mal uso, la alteraci\u00f3n, el acceso o el robo de los datos personales facilitados por los usuarios de la Web. El usuario tendr\u00e1 en cuenta, sin embargo, que las medidas de seguridad en Internet no son absolutamente inviolables.<\/p>\n<p><strong>Responsabilidades del desarrollador de la web<\/strong><\/p>\n<p>Este sitio web ha sido dise\u00f1ado y desarrollado por <a href=\"http:\/\/bluemapconsulting.com\">Bluemap Consulting Group<\/a>, por encargo del titular de la web. Las obligaciones legales sobre el sitio www.santperedeclara.cat, sus contenidos, la seguridad y su correcta utilizaci\u00f3n, quedan\u00a0bajo\u00a0responsabilidad del mismo titular de la web.<\/p>\n<\/div><\/div><\/div><\/div><\/div><\/div><\/div><\/section><section class=\"l-section wpb_row height_medium\"><div class=\"l-section-h i-cf\"><div class=\"g-cols vc_row type_default valign_top\"><div class=\"vc_col-sm-12 wpb_column vc_column_container\"><div class=\"vc_column-inner\"><div class=\"wpb_wrapper\">[vc_custom_heading text=&#8221;POL\u00cdTICA DE COOKIES&#8221; google_fonts=&#8221;font_family:Raleway%3A100%2C200%2C300%2Cregular%2C500%2C600%2C700%2C800%2C900|font_style:400%20regular%3A400%3Anormal&#8221;][vc_empty_space]<div class=\"wpb_text_column\" ><div class=\"wpb_wrapper\"><p>Esta Web utiliza \u201ccookies\u201d cuando un usuario navega por la Web. Las \u201ccookies\u201d son unos peque\u00f1os ficheros de datos que el servidor de Internet remite al navegador y que le son devueltos posteriormente en cada nueva petici\u00f3n. Estos ficheros se almacenan en el ordenador del usuario y permiten al sistema recordar caracter\u00edsticas o preferencias de navegaci\u00f3n de sesiones anteriores.<\/p>\n<p>Las \u201ccookies\u201d de esta Web no son invasivas ni nocivas, y no contienen datos de car\u00e1cter personal. En todo caso, puede desactivar la utilizaci\u00f3n de cookies\u201d siguiendo las instrucciones de su navegador.<\/p>\n<p><strong>\u00bfQue\u0301 son las cookies?<\/strong> Una cookie es un fichero que se descarga en su ordenador al acceder a determinadas p\u00e1ginas web. Las cookies permiten a una p\u00e1gina web, entre otras cosas, almacenar y recuperar informaci\u00f3n sobre los h\u00e1bitos de navegaci\u00f3n de un usuario o de su equipo y, dependiendo de la informaci\u00f3n que contengan y de la forma en que utilice su equipo, pueden utilizarse para reconocer al usuario.<\/p>\n<p><strong>Cookies propias:<\/strong> Son aqu\u00e9llas que se env\u00edan al equipo terminal del usuario desde un equipo o dominio gestionado por el propio editor y desde el que se presta el servicio solicitado por el usuario.<\/p>\n<p><strong>Cookies de tercero:<\/strong> Son aqu\u00e9llas que se env\u00edan al equipo terminal del usuario desde un equipo o dominio que no es gestionado por el editor, sino por otra entidad que trata los datos obtenidos trav\u00e9s de las cookies.<\/p>\n<p><strong>Cookies de sesi\u00f3n:<\/strong> Son un tipo de cookies dise\u00f1adas para recabar y almacenar datos mientras el usuario accede a una p\u00e1gina web. Se suelen emplear para almacenar informaci\u00f3n que solo interesa conservar para la prestaci\u00f3n del servicio solicitado por el usuario en una sola ocasi\u00f3n.<\/p>\n<p><strong>Cookies persistentes:<\/strong> Son un tipo de cookies en el que los datos siguen almacenados en el terminal y pueden ser accedidos y tratados durante un periodo definido por el responsable de la cookie, y que puede ir de unos minutos a varios a\u00f1os.<\/p>\n<p><strong>Cookies t\u00e9cnicas:<\/strong> Son aqu\u00e9llas que permiten al usuario la navegaci\u00f3n a trav\u00e9s de una p\u00e1gina web, plataforma o aplicaci\u00f3n y la utilizaci\u00f3n de las diferentes opciones o servicios que en ella existan como, por ejemplo, controlar el tr\u00e1fico y la comunicaci\u00f3n de datos, identificar la sesi\u00f3n, acceder a partes de acceso restringido, recordar los elementos que integran un pedido, realizar el proceso de compra de un pedido, realizar la solicitud de inscripci\u00f3n o participaci\u00f3n en un evento, utilizar elementos de seguridad durante la navegaci\u00f3n, almacenar contenidos para la difusi\u00f3n de videos o sonido o compartir contenidos a trav\u00e9s de redes sociales.<\/p>\n<p><strong>Cookies de personalizaci\u00f3n:<\/strong> Son aqu\u00e9llas que permiten al usuario acceder al servicio con algunas caracter\u00edsticas de car\u00e1cter general predefinidas en funci\u00f3n de una serie de criterios en el terminal del usuario como por ejemplo serian el idioma, el tipo de navegador a trav\u00e9s del cual accede al servicio, la configuraci\u00f3n regional desde donde accede al servicio, etc.<\/p>\n<p><strong>Cookies de an\u00e1lisis:<\/strong> Son aqu\u00e9llas que permiten al responsable de las mismas, el seguimiento y an\u00e1lisis del comportamiento de los usuarios de los sitios web a los que est\u00e1n vinculadas. La informaci\u00f3n recogida mediante este tipo de cookies se utiliza en la medici\u00f3n de la actividad de los sitios web, aplicaci\u00f3n o plataforma y para la elaboraci\u00f3n de perfiles de navegaci\u00f3n de los usuarios de dichos sitios, aplicaciones y plataformas, con el fin de introducir mejoras en funci\u00f3n del an\u00e1lisis de los datos de uso que hacen los usuarios del servicio.<\/p>\n<p><strong>Cookie de Google Analytics<\/strong><\/p>\n<p>Nombre: __utma,__utmb,__utmc,__utmz<br \/>\nFinalidad: Recopila informaci\u00f3n an\u00f3nima sobre la navegaci\u00f3n de los usuarios por el sitio web con el fin de conocer el origen de las visitas y otros datos estad\u00edsticos similares.<br \/>\nTipo: Cookie de terceros, persistentes \/ sesi\u00f3n, de an\u00e1lisis<br \/>\nM\u00e1s informaci\u00f3n en:\u00a0<a href=\"http:\/\/www.google.com\/intl\/es\/analytics\/privacyoverview.html\" target=\"_blank\" rel=\"noopener noreferrer\">Centro de privacidad de Google<\/a>\u00a0y en\u00a0<a href=\"http:\/\/tools.google.com\/dlpage\/gaoptout?hl=es\">Complemento de inhabilitaci\u00f3n de Google Analytics<\/a><\/p>\n<p><strong>Aviso y aceptaci\u00f3n de la instalaci\u00f3n de cookies en el web:<\/strong><\/p>\n<p>Cuando entra en el sitio web, \u00e9ste le informa sobre la aceptaci\u00f3n de la instalaci\u00f3n de determinadas cookies para continuar con su navegaci\u00f3n. Si se realiza un scroll (movimiento vertical de la p\u00e1gina) superior a 300 p\u00edxeles, se entiende que continua navegando por el sitio web, as\u00ed pues se considerar\u00e1 que acepta la instalaci\u00f3n de cookies en su navegador. No obstante, usted puede permitir, bloquear o eliminar las cookies instaladas en su equipo mediante la configuraci\u00f3n de las opciones correspondientes de su navegador.<\/p>\n<p>El acceso a la gesti\u00f3n de las cookies var\u00eda en funci\u00f3n del navegador y la plataforma empleada. No obstante, generalmente estos ajustes se encuentran en la secci\u00f3n \u201copciones\u201d, \u201cpreferencias\u201d o \u201cherramientas\u201d del men\u00fa de su navegador.<\/p>\n<p>A continuaci\u00f3n le proporcionamos enlaces con instrucciones para configurar las cookies en los navegadores y plataformas m\u00e1s utilizados. Para otras configuraciones consulte con su proveedor.<\/p>\n<p><strong><a href=\"https:\/\/support.google.com\/chrome\/answer\/95647?hl=es\">C\u00f3mo configurar las cookies en Chrome<\/a>.<\/strong><\/p>\n<p><strong><a href=\"http:\/\/support.mozilla.org\/es\/kb\/habilitar-y-deshabilitar-cookies-que-los-sitios-we\">C\u00f3mo configurar las cookies en Firefox<\/a>.<\/strong><\/p>\n<p><strong><a href=\"http:\/\/windows.microsoft.com\/es-es\/internet-explorer\/delete-manage-cookies\">C\u00f3mo configurar las cookies en Internet Explorer<\/a>.<\/strong><\/p>\n<p><strong><a href=\"http:\/\/www.apple.com\/es\/support\/mac-apps\/safari\/\">C\u00f3mo configurar las cookies en Safari (OS X)<\/a>.<\/strong><\/p>\n<p><strong><a href=\"http:\/\/support.apple.com\/kb\/HT1677?viewlocale=es_ES&amp;locale=es_ES\">C\u00f3mo configurar las cookies en Safari (iOS)<\/a>.<\/strong><\/p>\n<p><strong><a href=\"https:\/\/support.google.com\/android\/?hl=es\">C\u00f3mo configurar las cookies en Android<\/a>.<\/strong><\/p>\n<p>Si usted deshabilita las cookies en su navegador, es posible que algunas funcionalidades queden deshabilitadas.<\/p>\n<p>La Pol\u00edtica de Cookies puede ser modificada en funci\u00f3n de exigencias legislativas, reglamentarias o con la finalidad de adaptar dicha pol\u00edtica a las instrucciones dictadas por la Agencia Espa\u00f1ola de Protecci\u00f3n de Datos, por ello se aconseja a los usuarios que la visiten peri\u00f3dicamente.<\/p>\n<p>En caso de que se produzcan cambios significativos en esta Pol\u00edtica de Cookies, se comunicar\u00e1 a los usuarios a trav\u00e9s del sitio web.<\/p>\n<\/div><\/div><\/div><\/div><\/div><\/div><\/div><\/section>\n","protected":false},"excerpt":{"rendered":"[vc_custom_heading text=\"AVISO LEGAL\" google_fonts=\"font_family:Raleway%3A100%2C200%2C300%2Cregular%2C500%2C600%2C700%2C800%2C900|font_style:400%20regular%3A400%3Anormal\"][vc_empty_space]TITULAR DE LA WEB Y DATOS DE CONTACTO www.santperedeclara.cat: es un dominio en Internet titularidad de Sant Pere de Clar\u00e0\u00a0S.L. Con domicilio en Calle Manacor n\u00ba10, Barcelona, 08028. Usted puede contactar con el titular de la Web: Por correo electr\u00f3nico en info@santperedeclara.cat POLITICA DE PRIVACIDAD Y PROTECCI\u00d3N DE DATOS Datos solicitados Para...","protected":false},"author":1,"featured_media":0,"parent":0,"menu_order":0,"comment_status":"closed","ping_status":"closed","template":"","meta":[],"yoast_head":"<!-- This site is optimized with the Yoast SEO plugin v16.4 - https:\/\/yoast.com\/wordpress\/plugins\/seo\/ -->\n<title>Aviso legal y Pol\u00edtica de Cookies - Sant Pere de Clar\u00e0<\/title>\n<meta name=\"robots\" content=\"index, follow, max-snippet:-1, max-image-preview:large, max-video-preview:-1\" \/>\n<link rel=\"canonical\" href=\"https:\/\/santperedeclara.cat\/en\/aviso-legal-y-politica-de-cookies\/\" \/>\n<meta property=\"og:locale\" content=\"en_US\" \/>\n<meta property=\"og:type\" content=\"article\" \/>\n<meta property=\"og:title\" content=\"Aviso legal y Pol\u00edtica de Cookies - Sant Pere de Clar\u00e0\" \/>\n<meta property=\"og:url\" content=\"https:\/\/santperedeclara.cat\/en\/aviso-legal-y-politica-de-cookies\/\" \/>\n<meta property=\"og:site_name\" content=\"Sant Pere de Clar\u00e0\" \/>\n<meta name=\"twitter:card\" content=\"summary_large_image\" \/>\n<meta name=\"twitter:label1\" content=\"Est. reading time\" \/>\n\t<meta name=\"twitter:data1\" content=\"8 minutes\" \/>\n<script type=\"application\/ld+json\" class=\"yoast-schema-graph\">{\"@context\":\"https:\/\/schema.org\",\"@graph\":[{\"@type\":\"WebSite\",\"@id\":\"https:\/\/santperedeclara.cat\/#website\",\"url\":\"https:\/\/santperedeclara.cat\/\",\"name\":\"Sant Pere de Clar\\u00e0\",\"description\":\"Masia amb capella per a casaments al maresme\",\"potentialAction\":[{\"@type\":\"SearchAction\",\"target\":\"https:\/\/santperedeclara.cat\/?s={search_term_string}\",\"query-input\":\"required name=search_term_string\"}],\"inLanguage\":\"en-US\"},{\"@type\":\"WebPage\",\"@id\":\"https:\/\/santperedeclara.cat\/en\/aviso-legal-y-politica-de-cookies\/#webpage\",\"url\":\"https:\/\/santperedeclara.cat\/en\/aviso-legal-y-politica-de-cookies\/\",\"name\":\"Aviso legal y Pol\\u00edtica de Cookies - Sant Pere de Clar\\u00e0\",\"isPartOf\":{\"@id\":\"https:\/\/santperedeclara.cat\/#website\"},\"datePublished\":\"2020-12-13T17:06:10+00:00\",\"dateModified\":\"2020-12-13T17:06:10+00:00\",\"breadcrumb\":{\"@id\":\"https:\/\/santperedeclara.cat\/en\/aviso-legal-y-politica-de-cookies\/#breadcrumb\"},\"inLanguage\":\"en-US\",\"potentialAction\":[{\"@type\":\"ReadAction\",\"target\":[\"https:\/\/santperedeclara.cat\/en\/aviso-legal-y-politica-de-cookies\/\"]}]},{\"@type\":\"BreadcrumbList\",\"@id\":\"https:\/\/santperedeclara.cat\/en\/aviso-legal-y-politica-de-cookies\/#breadcrumb\",\"itemListElement\":[{\"@type\":\"ListItem\",\"position\":1,\"item\":{\"@type\":\"WebPage\",\"@id\":\"https:\/\/santperedeclara.cat\/en\/\",\"url\":\"https:\/\/santperedeclara.cat\/en\/\",\"name\":\"Inici\"}},{\"@type\":\"ListItem\",\"position\":2,\"item\":{\"@id\":\"https:\/\/santperedeclara.cat\/en\/aviso-legal-y-politica-de-cookies\/#webpage\"}}]}]}<\/script>\n<!-- \/ Yoast SEO plugin. -->","_links":{"self":[{"href":"https:\/\/santperedeclara.cat\/en\/wp-json\/wp\/v2\/pages\/431"}],"collection":[{"href":"https:\/\/santperedeclara.cat\/en\/wp-json\/wp\/v2\/pages"}],"about":[{"href":"https:\/\/santperedeclara.cat\/en\/wp-json\/wp\/v2\/types\/page"}],"author":[{"embeddable":true,"href":"https:\/\/santperedeclara.cat\/en\/wp-json\/wp\/v2\/users\/1"}],"replies":[{"embeddable":true,"href":"https:\/\/santperedeclara.cat\/en\/wp-json\/wp\/v2\/comments?post=431"}],"version-history":[{"count":2,"href":"https:\/\/santperedeclara.cat\/en\/wp-json\/wp\/v2\/pages\/431\/revisions"}],"predecessor-version":[{"id":442,"href":"https:\/\/santperedeclara.cat\/en\/wp-json\/wp\/v2\/pages\/431\/revisions\/442"}],"wp:attachment":[{"href":"https:\/\/santperedeclara.cat\/en\/wp-json\/wp\/v2\/media?parent=431"}],"curies":[{"name":"wp","href":"https:\/\/api.w.org\/{rel}","templated":true}]}}